{"id":1082,"date":"2019-05-20T08:42:52","date_gmt":"2019-05-20T08:42:52","guid":{"rendered":"http:\/\/herbes.webs-on-line.com\/?page_id=1082"},"modified":"2025-02-27T13:24:41","modified_gmt":"2025-02-27T12:24:41","slug":"aviso-legal","status":"publish","type":"page","link":"https:\/\/herbesdelportalet.com\/es\/aviso-legal\/","title":{"rendered":"Aviso legal"},"content":{"rendered":"<p><img class=\"lazyload\" decoding=\"async\" src=\"data:image\/svg+xml,%3Csvg%20xmlns%3D%27http%3A%2F%2Fwww.w3.org%2F2000%2Fsvg%27%20width%3D%27100%27%20height%3D%2780%27%20viewBox%3D%270%200%20100%2080%27%3E%3Crect%20width%3D%27100%27%20height%3D%2780%27%20fill-opacity%3D%220%22%2F%3E%3C%2Fsvg%3E\" data-orig-src=\"http:\/\/herbesdelportalet.com\/wp-content\/uploads\/2019\/05\/logo.png\" alt=\"\" width=\"100\" height=\"80\" \/><\/p>\n<h1>Aviso legal<\/h1>\n<h2>Condiciones generales de uso<\/h2>\n<p>Herbes del Portalet S.L. le informa de que el acceso y uso de esta p\u00e1gina web y todos los subdominios y directorios incluidos bajo la misma (en adelante el website), as\u00ed como los servicios o contenidos que a trav\u00e9s de \u00e9l se puedan obtener, est\u00e1n sujetos a los t\u00e9rminos que se detallan en este aviso legal, sin perjuicio de que el acceso a alguno de dichos servicios o contenidos pueda precisar de la aceptaci\u00f3n de unas Condiciones Generales, o particulares, adicionales.<\/p>\n<p>Herbes del Portalet S.L. se reserva el derecho a realizar cambios en el website sin previo aviso, con el objeto de actualizar, corregir, modificar, a\u00f1adir o eliminar los contenidos del website o de su dise\u00f1o. Los contenidos y servicios del website se actualizan peri\u00f3dicamente, por lo que sugerimos que compruebe siempre la vigencia y exactitud de la informaci\u00f3n, servicios y contenidos recogidos en el website, as\u00ed como la revisi\u00f3n del presente aviso legal.<\/p>\n<p>El c\u00f3digo fuente, los dise\u00f1os gr\u00e1ficos, las im\u00e1genes, las fotograf\u00edas, los sonidos, las animaciones, el software, los textos, los nombres de dominio, los signos distintivos, as\u00ed como la informaci\u00f3n y los contenidos recogidos a lo largo de todo el website pertenecen a Herbes del Portalet S.L. y est\u00e1n protegidos por los correspondientes derechos de propiedad intelectual e industrial.<\/p>\n<p>Su utilizaci\u00f3n, reproducci\u00f3n, distribuci\u00f3n, comunicaci\u00f3n p\u00fablica, transformaci\u00f3n o cualquier otra actividad similar o an\u00e1loga, queda totalmente prohibida salvo que medie expresa autorizaci\u00f3n de Herbes del Portalet S.L. El usuario, \u00fanica y exclusivamente, puede utilizar el material que aparezca en el website para su uso personal y privado, quedando prohibido su uso con fines comerciales o cualquier otro uso que no sea personal y privado.<\/p>\n<p>Herbes del Portalet S.L. declara su respeto a los derechos de propiedad intelectual e industrial de terceros. Si considera que este website pudiera estar violando sus derechos, rogamos se ponga en contacto con Herbes del Portalet S.L. enviando un correo electr\u00f3nico a la direcci\u00f3n <a href=\"mailto:info@herbesdelportalet.com\">info@herbesdelportalet.com<\/a> indicando en el asunto del correo \u201cRef. Website\u201d.<\/p>\n<h2>Informaci\u00f3n general<\/h2>\n<p>En cumplimiento de lo previsto en la Ley 34\/2002, de 11 de julio, de Servicios de la Sociedad de la Informaci\u00f3n y de Comercio Electr\u00f3nico se informa al usuario que la p\u00e1gina web corporativa de Herbes del Portalet S.L. se encuentra alojada en el dominio <a href=\"https:\/\/herbesdelportalet.com\/\">www.herbesdelportalet.com<\/a>, propiedad de la sociedad Herbes del Portalet S.L.<\/p>\n<p>Herbes del Portalet S.L. es una Sociedad Limitada cuya sede social se encuentra ubicada en Granollers, Carrer del Portalet, 14, Granollers (Barcelona), CP: 08401 con CIF: B-66.922.543. Herbes del Portalet S.L. es una sociedad inscrita en el registro mercantil de Barcelona TOMO 45732, FOLIO 137, HOJA 497193.<\/p>\n<p>Herbes del Portalet S.L. es una empresa dedicada a la venta de productos de herborister\u00eda y diet\u00e9tica. Para establecer una comunicaci\u00f3n directa y efectiva con Herbes del Portalet S.L. puede llamar al tel\u00e9fono 93 870 21 44 o escribir a la direcci\u00f3n de correo electr\u00f3nico <a href=\"mailto:info@herbesdelportalet.com\">info@herbesdelportalet.com<\/a> indicando en el asunto del correo \u201cRef. Aviso Legal\u201d.<\/p>\n<h2>Links o enlaces a otros sitios web<\/h2>\n<p>Herbes del Portalet S.L. ha incluido en el website enlaces a otras p\u00e1ginas web que considera pueden ser de su inter\u00e9s. El objetivo de dichos enlaces es \u00fanicamente facilitarle la b\u00fasqueda de otros recursos de su inter\u00e9s a trav\u00e9s de Internet. Dichas p\u00e1ginas no pertenecen a Herbes del Portalet S.L. y no hace una revisi\u00f3n de sus contenidos, por lo que, Herbes del Portalet S.L. no puede hacerse responsable de los contenidos, del funcionamiento de la p\u00e1gina enlazada o de los posibles da\u00f1os que puedan derivarse del acceso o uso de la misma. Herbes del Portalet S.L. se muestra plenamente respetuosa con los derechos de propiedad intelectual o industrial que le puedan corresponder, a terceras personas, sobre las p\u00e1ginas web a las que se refieran los links insertados en el website. Por tal motivo, si considera que la inclusi\u00f3n de dichos enlaces en el website pudiera estar violando sus derechos, le rogamos se ponga en contacto con Herbes del Portalet S.L. enviando un correo electr\u00f3nico a la direcci\u00f3n <a href=\"mailto:info@herbesdelportalet.com\">info@herbesdelportalet.com<\/a> indicando en el asunto del correo \u201cRef. Website\u201d.<\/p>\n<p>Por otro lado, con car\u00e1cter general se autoriza el enlace de p\u00e1ginas web o de direcciones de correo electr\u00f3nico al website, a excepci\u00f3n de aquellos supuestos en los que expresamente Herbes del Portalet S.L. manifieste lo contrario. Adicionalmente, y en todo caso para entender aplicable dicha autorizaci\u00f3n general, dichos enlaces deber\u00e1n respetar, necesariamente, la siguiente condici\u00f3n: el establecimiento del enlace no supondr\u00e1, por s\u00ed mismo, ning\u00fan tipo de acuerdo, contrato, patrocinio ni recomendaci\u00f3n por parte de Herbes del Portalet S.L. de la p\u00e1gina que realiza el enlace.<\/p>\n<p>No obstante lo anterior, en cualquier momento Herbes del Portalet S.L. podr\u00e1 retirar la autorizaci\u00f3n mencionada en el p\u00e1rrafo anterior, sin necesidad de alegar causa alguna. En tal caso, la p\u00e1gina que haya realizado el enlace deber\u00e1 proceder a su inmediata supresi\u00f3n, tan pronto como reciba la notificaci\u00f3n de la revocaci\u00f3n de la autorizaci\u00f3n por parte de Herbes del Portalet S.L.<\/p>\n<h3>Cookies<\/h3>\n<p>Para ver la pol\u00edtica de cookies del website, le emplazamos a que se dirija a la secci\u00f3n concreta del website donde le informamos de forma m\u00e1s particular sobre las cookies utilizadas, su finalidad, y c\u00f3mo puede bloquearlas.<\/p>\n<h3>Protecci\u00f3n de datos<\/h3>\n<p>En cumplimiento con la legislaci\u00f3n vigente en materia de protecci\u00f3n de datos de car\u00e1cter personal, le informamos de que los datos personales facilitados por los usuarios a trav\u00e9s de la direcci\u00f3n de correo electr\u00f3nico de contacto, as\u00ed como en los diferentes formularios de contacto del website <a href=\"https:\/\/herbesdelportalet.com\/\">www.herbesdelportalet.com<\/a>, ser\u00e1n tratados por Herbes del Portalet S.L. con la finalidad de atender y dar curso a los comentarios, consultas y sugerencias que quieran trasladar a la organizaci\u00f3n, as\u00ed como para recibir comunicaciones de novedades e informaci\u00f3n comercial de servicios ofertados por Herbes del Portalet S.L., si el usuario lo ha autorizado expresamente. Para ejercitar sus derechos seg\u00fan prev\u00e9 la legislaci\u00f3n vigente, puede dirigirse a Herbes del Portalet S.L., enviando un correo electr\u00f3nico a la direcci\u00f3n <a href=\"mailto:info@herbesdelportalet.com\">info@herbesdelportalet.com<\/a>, indicando en el asunto del correo \u201cRef. Protecci\u00f3n de Datos\u201d.<\/p>\n","protected":false},"excerpt":{"rendered":"<p>Aviso legal Condiciones generales de uso Herbes del Portalet S.L.  [&#8230;]<\/p>\n","protected":false},"author":1,"featured_media":0,"parent":0,"menu_order":0,"comment_status":"closed","ping_status":"closed","template":"","meta":{"_acf_changed":false,"footnotes":""},"class_list":["post-1082","page","type-page","status-publish","hentry"],"acf":[],"_links":{"self":[{"href":"https:\/\/herbesdelportalet.com\/es\/wp-json\/wp\/v2\/pages\/1082","targetHints":{"allow":["GET"]}}],"collection":[{"href":"https:\/\/herbesdelportalet.com\/es\/wp-json\/wp\/v2\/pages"}],"about":[{"href":"https:\/\/herbesdelportalet.com\/es\/wp-json\/wp\/v2\/types\/page"}],"author":[{"embeddable":true,"href":"https:\/\/herbesdelportalet.com\/es\/wp-json\/wp\/v2\/users\/1"}],"replies":[{"embeddable":true,"href":"https:\/\/herbesdelportalet.com\/es\/wp-json\/wp\/v2\/comments?post=1082"}],"version-history":[{"count":8,"href":"https:\/\/herbesdelportalet.com\/es\/wp-json\/wp\/v2\/pages\/1082\/revisions"}],"predecessor-version":[{"id":4500,"href":"https:\/\/herbesdelportalet.com\/es\/wp-json\/wp\/v2\/pages\/1082\/revisions\/4500"}],"wp:attachment":[{"href":"https:\/\/herbesdelportalet.com\/es\/wp-json\/wp\/v2\/media?parent=1082"}],"curies":[{"name":"wp","href":"https:\/\/api.w.org\/{rel}","templated":true}]}}