{"id":7057,"date":"2025-05-19T12:17:26","date_gmt":"2025-05-19T10:17:26","guid":{"rendered":"https:\/\/herbesdelportalet.com\/producto\/dulcedemembrilloconfructosa380gr\/"},"modified":"2025-08-01T11:26:44","modified_gmt":"2025-08-01T09:26:44","slug":"dolc-de-codony-amb-fructosa-380g-cal-valls","status":"publish","type":"product","link":"https:\/\/herbesdelportalet.com\/es\/producto\/dolc-de-codony-amb-fructosa-380g-cal-valls\/","title":{"rendered":"Dol\u00e7 de Codony amb Fructosa 380g Cal Valls"},"content":{"rendered":"<h2 data-sourcepos=\"24:1-24:96\">Dol\u00e7 de Codony amb Fructosa 380g Cal Valls: La Dol\u00e7or Natural del Codony, Ara amb Menys Sucre<\/h2>\n<p data-sourcepos=\"26:1-26:411\">A Herbes del Portalet, us oferim postres i complements de fruita que cuiden la teva salut. El <strong>Dol\u00e7 de Codony amb Fructosa 380g de Cal Valls<\/strong> \u00e9s una opci\u00f3 deliciosa i tradicional, elaborada de forma artesanal i amb la m\u00e0xima cura per garantir la millor qualitat. Aquest dol\u00e7 de codony est\u00e0 endolcit amb <strong>fructosa<\/strong>, una alternativa al sucre com\u00fa, ideal per a aquells que busquen reduir el consum de sacarosa.<\/p>\n<p data-sourcepos=\"28:1-28:352\">La producci\u00f3 agr\u00edcola de Cal Valls \u00e9s \u00edntegrament <strong>ecol\u00f2gica<\/strong>, i la seva aposta per les t\u00e8cniques de l&#8217;<strong>agricultura ecol\u00f2gica biodin\u00e0mica<\/strong> assegura un producte respectu\u00f3s amb el medi ambient i d&#8217;una qualitat excepcional. Gaudeix d&#8217;aquest dol\u00e7 amb el seu caracter\u00edstic sabor del codony, perfecte per untar, cuinar, o maridar amb formatges i postres.<\/p>\n<h3 data-sourcepos=\"30:1-30:64\">Per qu\u00e8 triar el Dol\u00e7 de Codony amb Fructosa 380g Cal Valls?<\/h3>\n<ul data-sourcepos=\"32:1-37:0\">\n<li data-sourcepos=\"32:1-32:83\"><strong>Endolcit amb Fructosa<\/strong>: Opci\u00f3 ideal per a qui vol evitar el sucre tradicional.<\/li>\n<li data-sourcepos=\"33:1-33:78\"><strong>Elaboraci\u00f3 Artesanal<\/strong>: Amb tot el cuidat per garantir la m\u00e0xima qualitat.<\/li>\n<li data-sourcepos=\"34:1-34:92\"><strong>Agricultura Ecol\u00f2gica Biodin\u00e0mica<\/strong>: Cultiu sostenible i respectu\u00f3s amb el medi ambient.<\/li>\n<li data-sourcepos=\"35:1-35:103\"><strong>Versatilitat Culin\u00e0ria<\/strong>: Perfecte per untar, cuinar, o com a acompanyament de formatges i postres.<\/li>\n<li data-sourcepos=\"36:1-37:0\"><strong>Sabor Aut\u00e8ntic del Codony<\/strong>: Conserva el gust tradicional d&#8217;aquesta fruita.<\/li>\n<\/ul>\n<h3 data-sourcepos=\"40:1-40:40\">Ingredients i Informaci\u00f3 Nutricional<\/h3>\n<ul data-sourcepos=\"42:1-55:0\">\n<li data-sourcepos=\"42:1-45:0\">\n<p data-sourcepos=\"42:3-43:55\"><strong>Ingredients<\/strong>: Codony*, Suc de llimona*, Fructosa*. (*Ingredients procedents d&#8217;agricultura ecol\u00f2gica.)<\/p>\n<ul data-sourcepos=\"44:5-45:0\">\n<li data-sourcepos=\"44:5-45:0\"><em>Nota<\/em>: Es prioritza el t\u00edtol del producte \u00abamb fructosa\u00bb. Si la composici\u00f3 exacta \u00e9s \u00abSucre Integral de Canya\u00bb en lloc de fructosa a\u00efllada, aix\u00f2 hauria de ser especificat en el t\u00edtol del producte per evitar confusions.<\/li>\n<\/ul>\n<\/li>\n<li data-sourcepos=\"46:1-55:0\">\n<p data-sourcepos=\"46:3-46:40\"><strong>Informaci\u00f3 nutricional (per 100g)<\/strong>:<\/p>\n<ul data-sourcepos=\"47:5-55:0\">\n<li data-sourcepos=\"47:5-47:45\"><strong>Valor energ\u00e8tic<\/strong>: 1233 kJ \/ 295 kcal<\/li>\n<li data-sourcepos=\"48:5-49:39\"><strong>Greixos<\/strong>: 0,51 g\n<ul data-sourcepos=\"49:9-49:39\">\n<li data-sourcepos=\"49:9-49:39\">De les quals saturades: 0,3 g<\/li>\n<\/ul>\n<\/li>\n<li data-sourcepos=\"50:5-51:89\"><strong>Gl\u00facids \/ Hidrats de carboni<\/strong>: 70,8 g\n<ul data-sourcepos=\"51:9-51:89\">\n<li data-sourcepos=\"51:9-51:89\">Dels quals sucres: 42,5 g (es refereix als sucres totals, incloent la fructosa)<\/li>\n<\/ul>\n<\/li>\n<li data-sourcepos=\"52:5-52:32\"><strong>Fibra aliment\u00e0ria<\/strong>: 0 g<\/li>\n<li data-sourcepos=\"53:5-53:26\"><strong>Prote\u00efnes<\/strong>: 0,1 g<\/li>\n<li data-sourcepos=\"54:5-55:0\"><strong>Sal<\/strong>: 0,01 g<\/li>\n<\/ul>\n<\/li>\n<\/ul>\n<h3 data-sourcepos=\"58:1-58:20\">Com Utilitzar-lo<\/h3>\n<p data-sourcepos=\"60:1-60:59\">El Dol\u00e7 de Codony amb Fructosa \u00e9s molt vers\u00e0til a la cuina:<\/p>\n<ul data-sourcepos=\"62:1-66:0\">\n<li data-sourcepos=\"62:1-62:49\"><strong>Per untar<\/strong>: Ideal en torrades, pa o galetes.<\/li>\n<li data-sourcepos=\"63:1-63:72\"><strong>Amb formatges<\/strong>: Un cl\u00e0ssic acompanyament per a taules de formatges.<\/li>\n<li data-sourcepos=\"64:1-64:76\"><strong>En postres<\/strong>: Combina perfectament amb iogurts, gelats o altres postres.<\/li>\n<li data-sourcepos=\"65:1-66:0\"><strong>Per cuinar<\/strong>: Pot usar-se en receptes de rebosteria o com a guarnici\u00f3 en plats salats.<\/li>\n<\/ul>\n<h3 data-sourcepos=\"69:1-69:29\">Presentaci\u00f3 i Conservaci\u00f3<\/h3>\n<ul data-sourcepos=\"71:1-73:0\">\n<li data-sourcepos=\"71:1-71:31\"><strong>Presentaci\u00f3<\/strong>: Pot de 380g.<\/li>\n<li data-sourcepos=\"72:1-73:0\"><strong>Conservaci\u00f3<\/strong>: Conservar en un lloc fresc i sec, protegit de la llum directa. Un cop obert, conservar entre 1 i 5\u00baC (refrigerat).<\/li>\n<\/ul>\n<h3 data-sourcepos=\"76:1-76:16\">Advert\u00e8ncies<\/h3>\n<ul data-sourcepos=\"78:1-79:0\">\n<li data-sourcepos=\"78:1-79:0\">Pot contenir traces de fruita de closca.<\/li>\n<\/ul>\n<p data-sourcepos=\"82:1-82:216\">A Herbes del Portalet, cada elecci\u00f3 \u00e9s una invitaci\u00f3 a gaudir d&#8217;una alimentaci\u00f3 m\u00e9s conscient i deliciosa. Amb el Dol\u00e7 de Codony amb Fructosa 380g de Cal Valls, gaudeix del sabor tradicional amb un toc m\u00e9s saludable!<\/p>\n","protected":false},"excerpt":{"rendered":"<p><strong>Dol\u00e7 de Codony amb Fructosa 380g Cal Valls.<\/strong> Elaborat artesanalment amb codony ecol\u00f2gic i endolcit amb fructosa. Ideal per untar, amb formatges o postres. Producci\u00f3 biodin\u00e0mica, sabor aut\u00e8ntic i respectu\u00f3s amb la teva dieta.<\/p>\n","protected":false},"featured_media":7739,"comment_status":"open","ping_status":"closed","template":"","meta":{"_acf_changed":false},"product_brand":[259],"product_cat":[230],"product_tag":[],"class_list":{"0":"post-7057","1":"product","2":"type-product","3":"status-publish","4":"has-post-thumbnail","6":"product_brand-capell","7":"product_cat-alimentacio","9":"first","10":"instock","11":"shipping-taxable","12":"purchasable","13":"product-type-simple"},"acf":[],"_links":{"self":[{"href":"https:\/\/herbesdelportalet.com\/es\/wp-json\/wp\/v2\/product\/7057","targetHints":{"allow":["GET"]}}],"collection":[{"href":"https:\/\/herbesdelportalet.com\/es\/wp-json\/wp\/v2\/product"}],"about":[{"href":"https:\/\/herbesdelportalet.com\/es\/wp-json\/wp\/v2\/types\/product"}],"replies":[{"embeddable":true,"href":"https:\/\/herbesdelportalet.com\/es\/wp-json\/wp\/v2\/comments?post=7057"}],"wp:featuredmedia":[{"embeddable":true,"href":"https:\/\/herbesdelportalet.com\/es\/wp-json\/wp\/v2\/media\/7739"}],"wp:attachment":[{"href":"https:\/\/herbesdelportalet.com\/es\/wp-json\/wp\/v2\/media?parent=7057"}],"wp:term":[{"taxonomy":"product_brand","embeddable":true,"href":"https:\/\/herbesdelportalet.com\/es\/wp-json\/wp\/v2\/product_brand?post=7057"},{"taxonomy":"product_cat","embeddable":true,"href":"https:\/\/herbesdelportalet.com\/es\/wp-json\/wp\/v2\/product_cat?post=7057"},{"taxonomy":"product_tag","embeddable":true,"href":"https:\/\/herbesdelportalet.com\/es\/wp-json\/wp\/v2\/product_tag?post=7057"}],"curies":[{"name":"wp","href":"https:\/\/api.w.org\/{rel}","templated":true}]}}