{"id":7072,"date":"2025-05-19T12:17:30","date_gmt":"2025-05-19T10:17:30","guid":{"rendered":"https:\/\/herbesdelportalet.com\/producto\/vainilla-rama-2-ramitas-rapunzel\/"},"modified":"2025-10-29T16:08:07","modified_gmt":"2025-10-29T15:08:07","slug":"vainilla-en-branca-2-branques-rapunzel","status":"publish","type":"product","link":"https:\/\/herbesdelportalet.com\/es\/producto\/vainilla-en-branca-2-branques-rapunzel\/","title":{"rendered":"Vainilla en Branca (2 Branques) RAPUNZEL"},"content":{"rendered":"<h2 data-sourcepos=\"3:1-3:78\">Vainilla en Branca (2 Branques) RAPUNZEL: L&#8217;Aroma Incomparable de la Natura<\/h2>\n<p data-sourcepos=\"5:1-5:434\">A Herbes del Portalet, us oferim ingredients que eleven les vostres creacions culin\u00e0ries a un nou nivell. La <strong>Vainilla en Branca (2 Branques) RAPUNZEL<\/strong> \u00e9s una aut\u00e8ntica joia arom\u00e0tica. Aquestes branques de vainilla Bourbon Bio es fermenten acuradament durant diversos mesos despr\u00e9s de la collita, un proc\u00e9s tradicional que garanteix el seu <strong>aroma incomparable i una magn\u00edfica riquesa de sabors naturals<\/strong> que la fa \u00fanica en el m\u00f3n.<\/p>\n<p data-sourcepos=\"7:1-7:383\">Cada paquet cont\u00e9 dues branques de vainilla, perfectes per refinar nata muntada, amanides de fruites, pastissos i tota mena de postres. La seva qualitat biol\u00f2gica assegura que gaudeixes d&#8217;un producte pur i sense additius, cultivat de manera respectuosa. Aquesta vainilla no nom\u00e9s aportar\u00e0 un sabor exquisit, sin\u00f3 que tamb\u00e9 inundar\u00e0 la teva cuina amb la seva frag\u00e0ncia c\u00e0lida i dol\u00e7a.<\/p>\n<h3 data-sourcepos=\"9:1-9:49\">Per qu\u00e8 triar la Vainilla en Branca RAPUNZEL?<\/h3>\n<ul data-sourcepos=\"11:1-16:0\">\n<li data-sourcepos=\"11:1-11:114\"><strong>Aroma i Sabor Incomparables<\/strong>: Fruit d&#8217;una fermentaci\u00f3 acurada que desenvolupa tota la seva riquesa arom\u00e0tica.<\/li>\n<li data-sourcepos=\"12:1-12:101\"><strong>Qualitat Bourbon BIO<\/strong>: Una de les varietats de vainilla m\u00e9s apreciades, cultivada ecol\u00f2gicament.<\/li>\n<li data-sourcepos=\"13:1-13:116\"><strong>Versatilitat a la Cuina<\/strong>: Ideal per a postres, cremes, begudes o qualsevol elaboraci\u00f3 que vulgui un toc gurmet.<\/li>\n<li data-sourcepos=\"14:1-14:78\"><strong>Producte Natural i Pur<\/strong>: Sense additius, la pura ess\u00e8ncia de la vainilla.<\/li>\n<li data-sourcepos=\"15:1-16:0\"><strong>Presentaci\u00f3 Pr\u00e0ctica<\/strong>: 2 branques envasades amb cura per preservar la seva frescor.<\/li>\n<\/ul>\n<h3 data-sourcepos=\"19:1-19:40\">Ingredients i Informaci\u00f3 Nutricional<\/h3>\n<p data-sourcepos=\"21:1-21:74\"><strong>Ingredients<\/strong>: Vainilla Bourbon*. *D\u2019agricultura ecol\u00f2gica.<\/p>\n<p data-sourcepos=\"23:1-23:36\"><strong>Informaci\u00f3 nutricional per 100g<\/strong>:<\/p>\n<ul data-sourcepos=\"24:1-32:0\">\n<li data-sourcepos=\"24:1-24:41\"><strong>Valor energ\u00e8tic<\/strong>: 1324 kJ \/ 317 kcal<\/li>\n<li data-sourcepos=\"25:1-26:35\"><strong>Greixos<\/strong>: 3,2 g\n<ul data-sourcepos=\"26:5-26:35\">\n<li data-sourcepos=\"26:5-26:35\">De les quals saturades: 0,9 g<\/li>\n<\/ul>\n<\/li>\n<li data-sourcepos=\"27:1-28:31\"><strong>Hidrats de carboni<\/strong>: 56 g\n<ul data-sourcepos=\"28:5-28:31\">\n<li data-sourcepos=\"28:5-28:31\">Dels quals sucres: 55,4 g<\/li>\n<\/ul>\n<\/li>\n<li data-sourcepos=\"29:1-29:31\"><strong>Fibra aliment\u00e0ria<\/strong>: 24,4 g<\/li>\n<li data-sourcepos=\"30:1-30:22\"><strong>Prote\u00efnes<\/strong>: 3,9 g<\/li>\n<li data-sourcepos=\"31:1-32:0\"><strong>Sal<\/strong>: 0,065 g<\/li>\n<\/ul>\n<h3 data-sourcepos=\"35:1-35:20\">Com Utilitzar-la<\/h3>\n<p data-sourcepos=\"37:1-37:82\">La Vainilla en Branca RAPUNZEL \u00e9s un ingredient estrella per a la teva rebosteria:<\/p>\n<ul data-sourcepos=\"39:1-43:0\">\n<li data-sourcepos=\"39:1-39:149\"><strong>Per infusionar<\/strong>: Talla la branca longitudinalment, rasca les llavors i afegeix-les (juntament amb la branca) a llets, cremes o alm\u00edvars calents.<\/li>\n<li data-sourcepos=\"40:1-40:106\"><strong>En postres<\/strong>: Ideal per aromatitzar nata muntada, <em>cr\u00e8me br\u00fbl\u00e9e<\/em>, flams, gelats o amanides de fruites.<\/li>\n<li data-sourcepos=\"41:1-41:106\"><strong>En productes de forn<\/strong>: Incorpora-la a masses de pastissos, magdalenes o galetes per un aroma delicat.<\/li>\n<li data-sourcepos=\"42:1-43:0\"><strong>Sucre de vainilla casol\u00e0<\/strong>: Guarda la branca un cop utilitzada en un pot amb sucre per donar-li un aroma exquisit.<\/li>\n<\/ul>\n<h3 data-sourcepos=\"46:1-46:29\">Presentaci\u00f3 i Conservaci\u00f3<\/h3>\n<p data-sourcepos=\"48:1-48:255\">El paquet cont\u00e9 2 branques de vainilla. Les branques de vainilla verda es cullen i s&#8217;envasen en un drap per a la fermentaci\u00f3. Posteriorment, les branques es sequen i s&#8217;envasen en tubs de vidre per preservar-ne l&#8217;aroma. Emmagatzemar en un lloc fresc i sec.<\/p>\n<p data-sourcepos=\"51:1-51:219\">A Herbes del Portalet, cada elecci\u00f3 \u00e9s una invitaci\u00f3 a gaudir d&#8217;una alimentaci\u00f3 m\u00e9s conscient i deliciosa. Amb la Vainilla en Branca RAPUNZEL, tens la puresa i l&#8217;aroma que mereixes per les teves creacions m\u00e9s especials.<\/p>\n","protected":false},"excerpt":{"rendered":"<p><strong>Vainilla en Branca (2 Branques) RAPUNZEL.<\/strong> Branques de vainilla Bourbon Bio, fermentades per un aroma incomparable. Ideals per refinar cremes, pastissos i postres. Un toc gurmet natural per la teva cuina.<\/p>\n","protected":false},"featured_media":7659,"comment_status":"open","ping_status":"closed","template":"","meta":{"_acf_changed":false},"product_brand":[266],"product_cat":[230],"product_tag":[],"class_list":{"0":"post-7072","1":"product","2":"type-product","3":"status-publish","4":"has-post-thumbnail","6":"product_brand-rapunzel","7":"product_cat-alimentacio","9":"first","10":"instock","11":"shipping-taxable","12":"purchasable","13":"product-type-simple"},"acf":[],"_links":{"self":[{"href":"https:\/\/herbesdelportalet.com\/es\/wp-json\/wp\/v2\/product\/7072","targetHints":{"allow":["GET"]}}],"collection":[{"href":"https:\/\/herbesdelportalet.com\/es\/wp-json\/wp\/v2\/product"}],"about":[{"href":"https:\/\/herbesdelportalet.com\/es\/wp-json\/wp\/v2\/types\/product"}],"replies":[{"embeddable":true,"href":"https:\/\/herbesdelportalet.com\/es\/wp-json\/wp\/v2\/comments?post=7072"}],"wp:featuredmedia":[{"embeddable":true,"href":"https:\/\/herbesdelportalet.com\/es\/wp-json\/wp\/v2\/media\/7659"}],"wp:attachment":[{"href":"https:\/\/herbesdelportalet.com\/es\/wp-json\/wp\/v2\/media?parent=7072"}],"wp:term":[{"taxonomy":"product_brand","embeddable":true,"href":"https:\/\/herbesdelportalet.com\/es\/wp-json\/wp\/v2\/product_brand?post=7072"},{"taxonomy":"product_cat","embeddable":true,"href":"https:\/\/herbesdelportalet.com\/es\/wp-json\/wp\/v2\/product_cat?post=7072"},{"taxonomy":"product_tag","embeddable":true,"href":"https:\/\/herbesdelportalet.com\/es\/wp-json\/wp\/v2\/product_tag?post=7072"}],"curies":[{"name":"wp","href":"https:\/\/api.w.org\/{rel}","templated":true}]}}