{"id":7099,"date":"2025-05-19T12:17:38","date_gmt":"2025-05-19T10:17:38","guid":{"rendered":"https:\/\/herbesdelportalet.com\/producto\/sardinas-biocop-195-g\/"},"modified":"2025-07-16T13:21:24","modified_gmt":"2025-07-16T11:21:24","slug":"sardines-biocop-195g","status":"publish","type":"product","link":"https:\/\/herbesdelportalet.com\/es\/producto\/sardines-biocop-195g\/","title":{"rendered":"Sardines Biocop 195g"},"content":{"rendered":"<div class=\"avatar_spinner_animation ng-tns-c740976835-171 ng-star-inserted\">\n<div class=\"avatar-container ng-tns-c740976835-171 ng-trigger ng-trigger-scaleDown\"><\/div>\n<div class=\"avatar_spinner_animation ng-tns-c740976835-171 ng-star-inserted\">\n<h2 data-sourcepos=\"3:1-3:55\">Sardines Biocop 195g: Sabor Mar\u00ed Aut\u00e8ntic i Ecol\u00f2gic<\/h2>\n<p data-sourcepos=\"5:1-5:372\">A Herbes del Portalet, et portem el millor del mar amb la garantia de l&#8217;agricultura ecol\u00f2gica. Les <strong>Sardines BIOCOP 195g<\/strong> s\u00f3n una opci\u00f3 deliciosa i saludable, perfectes per als amants del peix blau. Aquestes sardines, cuites i d&#8217;agricultura ecol\u00f2gica, es presenten conservades en <strong>oli d&#8217;oliva verge extra BIO<\/strong>, que n&#8217;accentua el sabor i assegura una qualitat superior.<\/p>\n<p data-sourcepos=\"7:1-7:344\">Un producte vers\u00e0til i nutritiu, ideal per a dietes variades, incloses les cetog\u00e8niques, ja que \u00e9s <strong>sense lactosa<\/strong> i sense hidrats de carboni ni sucres afegits. Gaudeix de la riquesa de les sardines, una font natural de prote\u00efnes i greixos saludables, amb la tranquil\u00b7litat de consumir un producte certificat i respectu\u00f3s amb el medi ambient.<\/p>\n<h3 data-sourcepos=\"9:1-9:43\">Per qu\u00e8 triar les Sardines BIOCOP 195g?<\/h3>\n<ul data-sourcepos=\"11:1-16:0\">\n<li data-sourcepos=\"11:1-11:128\"><strong>100% Ecol\u00f2giques<\/strong>: Sardines i oli d&#8217;oliva procedents d&#8217;agricultura ecol\u00f2gica, garantint el m\u00e0xim respecte pel medi ambient.<\/li>\n<li data-sourcepos=\"12:1-12:86\"><strong>Sabor Intens i Nutritiu<\/strong>: Peix blau ric en sabor, prote\u00efnes i greixos saludables.<\/li>\n<li data-sourcepos=\"13:1-13:86\"><strong>Cuites i Llistes per Consumir<\/strong>: Preparaci\u00f3 c\u00f2moda per gaudir en qualsevol moment.<\/li>\n<li data-sourcepos=\"14:1-14:77\"><strong>Sense Lactosa i Keto<\/strong>: Adequades per a diverses necessitats diet\u00e8tiques.<\/li>\n<li data-sourcepos=\"15:1-16:0\"><strong>Conservades en Oli d&#8217;Oliva Verge Extra BIO<\/strong>: L&#8217;oli d&#8217;alta qualitat real\u00e7a el gust i la conservaci\u00f3.<\/li>\n<\/ul>\n<h3 data-sourcepos=\"17:1-17:40\">Ingredients i Informaci\u00f3 Nutricional<\/h3>\n<p data-sourcepos=\"19:1-19:154\"><strong>Ingredients<\/strong>: Sardina (<em>Sardina Pilchardus<\/em>) 70% (5-6 unitats), oli d&#8217;oliva verge extra* 29% i sal 1%. (*Productes procedents d&#8217;agricultura ecol\u00f2gica).<\/p>\n<p data-sourcepos=\"21:1-21:41\"><strong>Informaci\u00f3 nutricional per 100 grams<\/strong>:<\/p>\n<ul data-sourcepos=\"22:1-30:0\">\n<li data-sourcepos=\"22:1-22:41\"><strong>Valor energ\u00e8tic<\/strong>: 1373 kJ \/ 330 kcal<\/li>\n<li data-sourcepos=\"23:1-24:35\"><strong>Greixos<\/strong>: 29 g\n<ul data-sourcepos=\"24:5-24:35\">\n<li data-sourcepos=\"24:5-24:35\">De les quals saturades: 5,8 g<\/li>\n<\/ul>\n<\/li>\n<li data-sourcepos=\"25:1-26:28\"><strong>Hidrats de carboni<\/strong>: 0 g\n<ul data-sourcepos=\"26:5-26:28\">\n<li data-sourcepos=\"26:5-26:28\">Dels quals sucres: 0 g<\/li>\n<\/ul>\n<\/li>\n<li data-sourcepos=\"27:1-27:28\"><strong>Fibra aliment\u00e0ria<\/strong>: 0 g<\/li>\n<li data-sourcepos=\"28:1-28:21\"><strong>Prote\u00efnes<\/strong>: 18 g<\/li>\n<li data-sourcepos=\"29:1-30:0\"><strong>Sal<\/strong>: 0,8 g<\/li>\n<\/ul>\n<h3 data-sourcepos=\"31:1-31:20\">Com Consumir-les<\/h3>\n<p data-sourcepos=\"33:1-33:84\">Les Sardines BIOCOP 195g s\u00f3n un producte vers\u00e0til que pots gaudir de moltes maneres:<\/p>\n<ul data-sourcepos=\"35:1-39:0\">\n<li data-sourcepos=\"35:1-35:61\"><strong>Directament<\/strong>: Perfectes com a aperitiu r\u00e0pid i nutritiu.<\/li>\n<li data-sourcepos=\"36:1-36:83\"><strong>En amanides<\/strong>: Afegeixen un toc de sabor mar\u00ed i prote\u00efnes a les teves amanides.<\/li>\n<li data-sourcepos=\"37:1-37:75\"><strong>Entrepans i torrades<\/strong>: Ideals per a preparacions saludables i r\u00e0pides.<\/li>\n<li data-sourcepos=\"38:1-39:0\"><strong>Acompanyament<\/strong>: Complement perfecte per a plats de pasta, arr\u00f2s o verdures.<\/li>\n<\/ul>\n<h3 data-sourcepos=\"40:1-40:29\">Presentaci\u00f3 i Conservaci\u00f3<\/h3>\n<p data-sourcepos=\"42:1-42:92\">Env\u00e0s de 195 grams. Un cop obert, mantenir en fred i consumir preferentment abans de 4 dies.<\/p>\n<p data-sourcepos=\"44:1-44:107\"><strong>Advert\u00e8ncies<\/strong>: Cont\u00e9 peix i productes derivats. No es recomana donar conserves a nadons menors d&#8217;un any.<\/p>\n<p data-sourcepos=\"46:1-46:181\">A Herbes del Portalet, cada producte BIOCOP \u00e9s una invitaci\u00f3 a un estil de vida saludable i conscient. Gaudeix del sabor aut\u00e8ntic del mar amb la tranquil\u00b7litat de l&#8217;origen ecol\u00f2gic.<\/p>\n<\/div>\n<\/div>\n","protected":false},"excerpt":{"rendered":"<p><strong>Sardines BIOCOP 195g:<\/strong> Sardines cuites en oli d&#8217;oliva verge extra ecol\u00f2gic. Producte BIO, sense lactosa i keto. Ideals per un sabor aut\u00e8ntic del mar i una opci\u00f3 nutritiva.<\/p>\n","protected":false},"featured_media":7586,"comment_status":"open","ping_status":"closed","template":"","meta":{"_acf_changed":false},"product_brand":[263],"product_cat":[230],"product_tag":[],"class_list":{"0":"post-7099","1":"product","2":"type-product","3":"status-publish","4":"has-post-thumbnail","6":"product_brand-biocop","7":"product_cat-alimentacio","9":"first","10":"instock","11":"shipping-taxable","12":"purchasable","13":"product-type-simple"},"acf":[],"_links":{"self":[{"href":"https:\/\/herbesdelportalet.com\/es\/wp-json\/wp\/v2\/product\/7099","targetHints":{"allow":["GET"]}}],"collection":[{"href":"https:\/\/herbesdelportalet.com\/es\/wp-json\/wp\/v2\/product"}],"about":[{"href":"https:\/\/herbesdelportalet.com\/es\/wp-json\/wp\/v2\/types\/product"}],"replies":[{"embeddable":true,"href":"https:\/\/herbesdelportalet.com\/es\/wp-json\/wp\/v2\/comments?post=7099"}],"wp:featuredmedia":[{"embeddable":true,"href":"https:\/\/herbesdelportalet.com\/es\/wp-json\/wp\/v2\/media\/7586"}],"wp:attachment":[{"href":"https:\/\/herbesdelportalet.com\/es\/wp-json\/wp\/v2\/media?parent=7099"}],"wp:term":[{"taxonomy":"product_brand","embeddable":true,"href":"https:\/\/herbesdelportalet.com\/es\/wp-json\/wp\/v2\/product_brand?post=7099"},{"taxonomy":"product_cat","embeddable":true,"href":"https:\/\/herbesdelportalet.com\/es\/wp-json\/wp\/v2\/product_cat?post=7099"},{"taxonomy":"product_tag","embeddable":true,"href":"https:\/\/herbesdelportalet.com\/es\/wp-json\/wp\/v2\/product_tag?post=7099"}],"curies":[{"name":"wp","href":"https:\/\/api.w.org\/{rel}","templated":true}]}}