{"id":7100,"date":"2025-05-19T12:17:38","date_gmt":"2025-05-19T10:17:38","guid":{"rendered":"https:\/\/herbesdelportalet.com\/producto\/aceituna-verde-gigante-bio-organica-italia-280-g\/"},"modified":"2025-07-16T13:21:47","modified_gmt":"2025-07-16T11:21:47","slug":"oliva-verda-gegant-bio-organica-italia-280g","status":"publish","type":"product","link":"https:\/\/herbesdelportalet.com\/es\/producto\/oliva-verda-gegant-bio-organica-italia-280g\/","title":{"rendered":"Oliva Verda Gegant Bio Organica It\u00e0lia 280g"},"content":{"rendered":"<h2 data-sourcepos=\"3:1-3:66\">Oliva Verda Gegant Bio Organica It\u00e0lia 280g: Un Tresor d&#8217;Apulia<\/h2>\n<p data-sourcepos=\"5:1-5:432\">A Herbes del Portalet, et convidem a descobrir l&#8217;aut\u00e8ntic sabor de la tradici\u00f3 mediterr\u00e0nia amb les <strong>Oliva Verda Gegant BIO Organica It\u00e0lia 280G<\/strong>. Aquestes olives, de la preciada varietat de taula &#8216;Bella di Cerignola&#8217;, representen una excel\u00b7l\u00e8ncia gastron\u00f2mica directament des d&#8217;Apulia, It\u00e0lia. Cultivades en una \u00e0rea restringida de la prov\u00edncia de Foggia, el seu proc\u00e9s de producci\u00f3 mant\u00e9 la m\u00e0xima cura i respecte per la natura.<\/p>\n<p data-sourcepos=\"5:1-5:432\">La seva <strong>cadena de subministrament \u00e9s molt curta<\/strong>: es cullen exclusivament a m\u00e0 i es processen poques hores despr\u00e9s de la recol\u00b7lecci\u00f3. Despr\u00e9s, s&#8217;envasen en el seu estat natural, sense processos t\u00e8rmics, la qual cosa permet gaudir d&#8217;un producte carn\u00f3s amb un sabor t\u00edpic i una textura ferma, amanit segons l&#8217;antiga recepta d&#8217;Apulia. Amb la garantia de l&#8217;agricultura biol\u00f2gica i biodin\u00e0mica (indicada pels ingredients amb * i **), aquestes olives s\u00f3n ideals per enriquir els teus \u00e0pats amb un toc de qualitat i autenticitat.<\/p>\n<h3 data-sourcepos=\"9:1-9:69\">Per qu\u00e8 escollir les Oliva Verda Gegant BIO Organica It\u00e0lia 280G?<\/h3>\n<ul data-sourcepos=\"11:1-16:0\">\n<li data-sourcepos=\"11:1-11:113\"><strong>Varietat &#8216;Bella di Cerignola&#8217;<\/strong>: Olives de taula reconegudes per la seva mida gegant i la seva polpa carnosa.<\/li>\n<li data-sourcepos=\"12:1-12:109\"><strong>Origen Aut\u00e8ntic d&#8217;Apulia<\/strong>: Un producte que reflecteix la tradici\u00f3 gastron\u00f2mica d&#8217;aquesta regi\u00f3 italiana.<\/li>\n<li data-sourcepos=\"13:1-13:188\"><strong>Cultiu Ecol\u00f2gic i Biodin\u00e0mic<\/strong>: Elaborades amb olives i suc de llimona de proced\u00e8ncia biol\u00f2gica i biodin\u00e0mica, respectivament, garantint la m\u00e0xima qualitat i respecte pel medi ambient.<\/li>\n<li data-sourcepos=\"14:1-14:133\"><strong>Processament Artesanal i Curt<\/strong>: Collites a m\u00e0 i envasat en poques hores sense tractaments t\u00e8rmics, per preservar el sabor fresc.<\/li>\n<li data-sourcepos=\"15:1-16:0\"><strong>Versatilitat Culin\u00e0ria<\/strong>: Ideals com aperitiu, entrant o com a condiment per a amanides, pizzes, bruschetta i plats diversos.<\/li>\n<\/ul>\n<h3 data-sourcepos=\"17:1-17:40\">Ingredients i Informaci\u00f3 Nutricional<\/h3>\n<p data-sourcepos=\"19:1-19:130\"><strong>Ingredients<\/strong>: Olives verdes (de agricultura biodin\u00e0mica) 64,3% (It\u00e0lia), Aigua, Sal, Suc de llimona (de agricultura biol\u00f2gica).<\/p>\n<p data-sourcepos=\"21:1-21:36\"><strong>Valor nutricional per 100 grams<\/strong>:<\/p>\n<ul data-sourcepos=\"22:1-30:0\">\n<li data-sourcepos=\"22:1-22:40\"><strong>Valor energ\u00e8tic<\/strong>: 695 kJ \/ 166 kcal<\/li>\n<li data-sourcepos=\"23:1-24:35\"><strong>Greixos<\/strong>: 15,9 g\n<ul data-sourcepos=\"24:5-24:35\">\n<li data-sourcepos=\"24:5-24:35\">De les quals saturades: 2,9 g<\/li>\n<\/ul>\n<\/li>\n<li data-sourcepos=\"25:1-26:30\"><strong>Hidrats de carboni<\/strong>: 2,9 g\n<ul data-sourcepos=\"26:5-26:30\">\n<li data-sourcepos=\"26:5-26:30\">Dels quals sucres: 0,5 g<\/li>\n<\/ul>\n<\/li>\n<li data-sourcepos=\"27:1-27:30\"><strong>Fibra aliment\u00e0ria<\/strong>: 2,7 g<\/li>\n<li data-sourcepos=\"28:1-28:23\"><strong>Prote\u00efnes<\/strong>: 1,48 g<\/li>\n<li data-sourcepos=\"29:1-30:0\"><strong>Sal<\/strong>: 3 g<\/li>\n<\/ul>\n<h3 data-sourcepos=\"31:1-31:20\">Com Consumir-les<\/h3>\n<p data-sourcepos=\"33:1-33:110\">Les Oliva Verda Gegant BIO Organica It\u00e0lia 280G s\u00f3n incre\u00efblement vers\u00e0tils i s&#8217;adapten a moltes preparacions:<\/p>\n<ul data-sourcepos=\"35:1-39:0\">\n<li data-sourcepos=\"35:1-35:105\"><strong>Aperitiu o Entrant<\/strong>: Gaudeix-les soles com a tapa o part d&#8217;un assortiment de productes mediterranis.<\/li>\n<li data-sourcepos=\"36:1-36:90\"><strong>En amanides<\/strong>: Aporten un toc de sabor i una textura interessant a les teves amanides.<\/li>\n<li data-sourcepos=\"37:1-37:117\"><strong>Pizzes i Bruschetta<\/strong>: Ideals per donar un punt de salinitat i frescor a les teves pizzes casolanes o bruschette.<\/li>\n<li data-sourcepos=\"38:1-39:0\"><strong>Plats Principals<\/strong>: Complement perfecte per a segons plats a base de carn o peix.<\/li>\n<\/ul>\n<h3 data-sourcepos=\"40:1-40:29\">Presentaci\u00f3 i Conservaci\u00f3<\/h3>\n<p data-sourcepos=\"42:1-42:217\">Env\u00e0s de 280 grams. Conservar a temperatura ambient i allunyat de fonts de calor. Un cop obert, conservar refrigerat i consumir preferentment abans de 10 dies per mantenir-ne totes les propietats i el seu sabor \u00f2ptim.<\/p>\n<p data-sourcepos=\"44:1-44:223\">A Herbes del Portalet, cada producte \u00e9s una invitaci\u00f3 a gaudir de la qualitat i els sabors aut\u00e8ntics. Amb les Oliva Verda Gegant BIO Organica It\u00e0lia 280G, podr\u00e0s portar la tradici\u00f3 i l&#8217;excel\u00b7l\u00e8ncia d&#8217;Apulia a la teva taula.<\/p>\n","protected":false},"excerpt":{"rendered":"<p><strong>Oliva Verda Gegant BIO Organica It\u00e0lia 280G.<\/strong> De cultiu biodin\u00e0mic i processament artesanal d&#8217;Apulia. Carnosa i saborosa, ideal com aperitiu o condiment en cuina mediterr\u00e0nia. Un producte de qualitat.<\/p>\n","protected":false},"featured_media":7589,"comment_status":"open","ping_status":"closed","template":"","meta":{"_acf_changed":false},"product_brand":[267],"product_cat":[230],"product_tag":[],"class_list":{"0":"post-7100","1":"product","2":"type-product","3":"status-publish","4":"has-post-thumbnail","6":"product_brand-bioorganic","7":"product_cat-alimentacio","9":"first","10":"instock","11":"shipping-taxable","12":"purchasable","13":"product-type-simple"},"acf":[],"_links":{"self":[{"href":"https:\/\/herbesdelportalet.com\/es\/wp-json\/wp\/v2\/product\/7100","targetHints":{"allow":["GET"]}}],"collection":[{"href":"https:\/\/herbesdelportalet.com\/es\/wp-json\/wp\/v2\/product"}],"about":[{"href":"https:\/\/herbesdelportalet.com\/es\/wp-json\/wp\/v2\/types\/product"}],"replies":[{"embeddable":true,"href":"https:\/\/herbesdelportalet.com\/es\/wp-json\/wp\/v2\/comments?post=7100"}],"wp:featuredmedia":[{"embeddable":true,"href":"https:\/\/herbesdelportalet.com\/es\/wp-json\/wp\/v2\/media\/7589"}],"wp:attachment":[{"href":"https:\/\/herbesdelportalet.com\/es\/wp-json\/wp\/v2\/media?parent=7100"}],"wp:term":[{"taxonomy":"product_brand","embeddable":true,"href":"https:\/\/herbesdelportalet.com\/es\/wp-json\/wp\/v2\/product_brand?post=7100"},{"taxonomy":"product_cat","embeddable":true,"href":"https:\/\/herbesdelportalet.com\/es\/wp-json\/wp\/v2\/product_cat?post=7100"},{"taxonomy":"product_tag","embeddable":true,"href":"https:\/\/herbesdelportalet.com\/es\/wp-json\/wp\/v2\/product_tag?post=7100"}],"curies":[{"name":"wp","href":"https:\/\/api.w.org\/{rel}","templated":true}]}}