{"id":7102,"date":"2025-05-19T12:17:39","date_gmt":"2025-05-19T10:17:39","guid":{"rendered":"https:\/\/herbesdelportalet.com\/producto\/ajos-aceite-bio-organica-italia-190g\/"},"modified":"2025-10-22T15:15:57","modified_gmt":"2025-10-22T13:15:57","slug":"alls-oli-bio-organica-italia-190g","status":"publish","type":"product","link":"https:\/\/herbesdelportalet.com\/es\/producto\/alls-oli-bio-organica-italia-190g\/","title":{"rendered":"Alls oli bio org\u00e0nica It\u00e0lia 190gesc"},"content":{"rendered":"<h2 data-sourcepos=\"5:1-5:63\">Alls oli bio org\u00e0nica It\u00e0lia 190g: Un Tresor Mediterrani BIO<\/h2>\n<p data-sourcepos=\"7:1-7:495\">A Herbes del Portalet, celebrem la riquesa dels sabors i la qualitat dels productes que ens ofereix la terra. Els <strong>ALLS OLI BIO ORG\u00c0NICA IT\u00c0LIA 190G<\/strong> s\u00f3n una aut\u00e8ntica del\u00edcia que concentra la intensitat de l&#8217;all en una presentaci\u00f3 pr\u00e0ctica i vers\u00e0til. Elaborats amb <strong>alls de cultiu biodin\u00e0mic<\/strong> i conservats en una combinaci\u00f3 d&#8217;oli d&#8217;oliva verge extra i oli de gira-sol de <strong>cultiu biol\u00f2gic<\/strong>, s\u00f3n el toc perfecte per real\u00e7ar els teus plats amb un sabor inconfusible i una qualitat superior.<\/p>\n<p data-sourcepos=\"9:1-9:331\">Aquest producte \u00e9s ideal per a aquells que busquen un ingredient sabor\u00f3s, saludable i amb el valor afegit de procedir de l&#8217;agricultura biodin\u00e0mica, que promou l&#8217;equilibri i la vitalitat del s\u00f2l. A m\u00e9s, el seu format en conserva amb oli permet gaudir dels beneficis i el gust de l&#8217;all sense la necessitat de preparar-lo cada vegada.<\/p>\n<h3 data-sourcepos=\"11:1-11:59\">Per qu\u00e8 escollir els ALLS OLI BIO ORG\u00c0NICA IT\u00c0LIA 190G?<\/h3>\n<ul data-sourcepos=\"13:1-18:0\">\n<li data-sourcepos=\"13:1-13:165\"><strong>Qualitat Biodin\u00e0mica i Biol\u00f2gica<\/strong>: Alls procedents d&#8217;agricultura biodin\u00e0mica i olis de cultiu biol\u00f2gic, garantint el m\u00e0xim respecte pel medi ambient i la salut.<\/li>\n<li data-sourcepos=\"14:1-14:136\"><strong>Sabor Intens i Arom\u00e0tic<\/strong>: Concentra el gust caracter\u00edstic de l&#8217;all, real\u00e7at per l&#8217;oli d&#8217;oliva verge extra i les herbes arom\u00e0tiques.<\/li>\n<li data-sourcepos=\"15:1-15:129\"><strong>Textura Agradable<\/strong>: Alls sencers amb una textura suau i ferma, perfectes per gaudir sols o com a part de les teves receptes.<\/li>\n<li data-sourcepos=\"16:1-16:112\"><strong>Versatilitat Culin\u00e0ria<\/strong>: Ideals com a aperitiu, condiment o acompanyament per a una gran varietat de plats.<\/li>\n<li data-sourcepos=\"17:1-18:0\"><strong>Preparaci\u00f3 F\u00e0cil<\/strong>: Alls ja nets i preparats per utilitzar, estalviant temps a la cuina.<\/li>\n<\/ul>\n<h3 data-sourcepos=\"19:1-19:40\">Ingredients i informaci\u00f3 nutricional<\/h3>\n<p data-sourcepos=\"21:1-21:330\"><strong data-start=\"280\" data-end=\"296\">Ingredients:<\/strong> All (67,8 %), oli d\u2019oliva verge extra (15,7 %), oli de llavors de gira-sol, sal marina, vinagre de vi, suc de llimona, julivert, alf\u00e0brega.<br data-start=\"443\" data-end=\"446\" \/>Ingredients procedents de l\u2019agricultura biol\u00f2gica o biodin\u00e0mica (Demeter).<\/p>\n<p data-sourcepos=\"23:1-23:36\"><strong>Valor nutricional per 100 grams<\/strong>:<\/p>\n<ul data-sourcepos=\"24:1-30:0\">\n<li data-start=\"580\" data-end=\"623\">\n<p data-start=\"582\" data-end=\"623\"><strong data-start=\"582\" data-end=\"602\">Valor energ\u00e8tic:<\/strong> 1305 kJ \/ 312 kcal<\/p>\n<\/li>\n<li data-start=\"624\" data-end=\"683\">\n<p data-start=\"626\" data-end=\"645\"><strong data-start=\"626\" data-end=\"638\">Greixos:<\/strong> 24 g<\/p>\n<ul data-start=\"648\" data-end=\"683\">\n<li data-start=\"648\" data-end=\"683\">\n<p data-start=\"650\" data-end=\"683\"><em data-start=\"650\" data-end=\"675\">de les quals saturades:<\/em> 3,5 g<\/p>\n<\/li>\n<\/ul>\n<\/li>\n<li data-start=\"684\" data-end=\"749\">\n<p data-start=\"686\" data-end=\"716\"><strong data-start=\"686\" data-end=\"709\">Hidrats de carboni:<\/strong> 16 g<\/p>\n<ul data-start=\"719\" data-end=\"749\">\n<li data-start=\"719\" data-end=\"749\">\n<p data-start=\"721\" data-end=\"749\"><em data-start=\"721\" data-end=\"741\">dels quals sucres:<\/em> 1,5 g<\/p>\n<\/li>\n<\/ul>\n<\/li>\n<li data-start=\"750\" data-end=\"782\">\n<p data-start=\"752\" data-end=\"782\"><strong data-start=\"752\" data-end=\"774\">Fibra aliment\u00e0ria:<\/strong> 5,5 g<\/p>\n<\/li>\n<li data-start=\"783\" data-end=\"805\">\n<p data-start=\"785\" data-end=\"805\"><strong data-start=\"785\" data-end=\"799\">Prote\u00efnes:<\/strong> 3 g<\/p>\n<\/li>\n<li data-start=\"806\" data-end=\"824\">\n<p data-start=\"808\" data-end=\"824\"><strong data-start=\"808\" data-end=\"816\">Sal:<\/strong> 1,0 g<\/p>\n<\/li>\n<\/ul>\n<h3 data-sourcepos=\"31:1-31:20\">Com consumir-los<\/h3>\n<p data-sourcepos=\"33:1-33:82\">Els ALLS OLI BIO ORG\u00c0NICA IT\u00c0LIA 190G s\u00f3n extraordin\u00e0riament vers\u00e0tils a la cuina:<\/p>\n<ul data-sourcepos=\"35:1-39:0\">\n<li data-sourcepos=\"35:1-35:91\"><strong>Aperitiu<\/strong>: Ideals per gaudir sols, amb pa torrat o com a part d&#8217;una taula d&#8217;aperitius.<\/li>\n<li data-sourcepos=\"36:1-36:98\"><strong>Condiment<\/strong>: Perfectes per amanir amanides, pizzes, bruschetta, o per enriquir qualsevol plat.<\/li>\n<li data-sourcepos=\"37:1-37:99\"><strong>Acompanyament<\/strong>: Un excel\u00b7lent complement per a carns, peixos o verdures a la planxa o al forn.<\/li>\n<li data-sourcepos=\"38:1-39:0\"><strong>Salses<\/strong>: Pots triturar-los i incorporar-los en salses com l&#8217;allioli o pestos casolans.<\/li>\n<\/ul>\n<h3 data-sourcepos=\"40:1-40:29\">Presentaci\u00f3 i conservaci\u00f3<\/h3>\n<p data-sourcepos=\"42:1-42:215\">Conservar a temperatura ambient i allunyat de fonts de calor. Un cop obert l&#8217;env\u00e0s, cal conservar-lo refrigerat i consumir-lo preferentment abans de 10 dies per mantenir-ne totes les propietats i el seu sabor \u00f2ptim.<\/p>\n<p data-sourcepos=\"44:1-44:141\"><strong>Advert\u00e8ncies<\/strong>: Pot contenir traces de fruits secs amb closca, gluten, llet i derivats, s\u00e8sam i productes a base de s\u00e8sam, soja i derivats.<\/p>\n<p data-sourcepos=\"46:1-46:243\">A Herbes del Portalet, cada producte \u00e9s una invitaci\u00f3 a gaudir de la qualitat. Amb els ALLS OLI BIO ORG\u00c0NICA IT\u00c0LIA 190G, tens al teu abast un ingredient excepcional que aportar\u00e0 un toc mediterrani i saludable a les teves creacions culin\u00e0ries.<\/p>\n","protected":false},"excerpt":{"rendered":"<p><strong>ALLS OLI BIO ORG\u00c0NICA IT\u00c0LIA 190G<\/strong>: alls biodin\u00e0mics en oli d&#8217;oliva verge extra. Sabor intens i arom\u00e0tic. Ideals com aperitiu o condiment per a amanides, pizzes, bruschetta, carns i peixos.<\/p>\n","protected":false},"featured_media":7568,"comment_status":"open","ping_status":"closed","template":"","meta":{"_acf_changed":false},"product_brand":[267],"product_cat":[230],"product_tag":[],"class_list":{"0":"post-7102","1":"product","2":"type-product","3":"status-publish","4":"has-post-thumbnail","6":"product_brand-bioorganic","7":"product_cat-alimentacio","9":"first","10":"instock","11":"shipping-taxable","12":"purchasable","13":"product-type-simple"},"acf":[],"_links":{"self":[{"href":"https:\/\/herbesdelportalet.com\/es\/wp-json\/wp\/v2\/product\/7102","targetHints":{"allow":["GET"]}}],"collection":[{"href":"https:\/\/herbesdelportalet.com\/es\/wp-json\/wp\/v2\/product"}],"about":[{"href":"https:\/\/herbesdelportalet.com\/es\/wp-json\/wp\/v2\/types\/product"}],"replies":[{"embeddable":true,"href":"https:\/\/herbesdelportalet.com\/es\/wp-json\/wp\/v2\/comments?post=7102"}],"wp:featuredmedia":[{"embeddable":true,"href":"https:\/\/herbesdelportalet.com\/es\/wp-json\/wp\/v2\/media\/7568"}],"wp:attachment":[{"href":"https:\/\/herbesdelportalet.com\/es\/wp-json\/wp\/v2\/media?parent=7102"}],"wp:term":[{"taxonomy":"product_brand","embeddable":true,"href":"https:\/\/herbesdelportalet.com\/es\/wp-json\/wp\/v2\/product_brand?post=7102"},{"taxonomy":"product_cat","embeddable":true,"href":"https:\/\/herbesdelportalet.com\/es\/wp-json\/wp\/v2\/product_cat?post=7102"},{"taxonomy":"product_tag","embeddable":true,"href":"https:\/\/herbesdelportalet.com\/es\/wp-json\/wp\/v2\/product_tag?post=7102"}],"curies":[{"name":"wp","href":"https:\/\/api.w.org\/{rel}","templated":true}]}}