{"id":7103,"date":"2025-05-19T12:17:39","date_gmt":"2025-05-19T10:17:39","guid":{"rendered":"https:\/\/herbesdelportalet.com\/producto\/alcachofa-brasa-aceite-bio-organica-italia-190-g\/"},"modified":"2025-10-22T15:17:19","modified_gmt":"2025-10-22T13:17:19","slug":"carxofa-brasa-oli-bio-organica-italia-190g","status":"publish","type":"product","link":"https:\/\/herbesdelportalet.com\/es\/producto\/carxofa-brasa-oli-bio-organica-italia-190g\/","title":{"rendered":"Carxofa brasa amb oli bio org\u00e0nica It\u00e0lia 190g"},"content":{"rendered":"<h2 data-sourcepos=\"5:1-5:98\">Carxofa a la brasa amb oli bio org\u00e0nica It\u00e0lia 190g: L&#8217;Aut\u00e8ntica Tradici\u00f3 d&#8217;Apulia a la Teva Taula<\/h2>\n<p data-sourcepos=\"7:1-7:441\">A Herbes del Portalet, ens apassiona oferir productes que capturen l&#8217;ess\u00e8ncia de la tradici\u00f3 i la qualitat artesana. Les <strong>ALCACHOFA BRASA ACEITE BIO ORGANICA ITALIA 190 G<\/strong> representen una aut\u00e8ntica excel\u00b7l\u00e8ncia gastron\u00f2mica, directament des de la regi\u00f3 d&#8217;Apulia. La seva elaboraci\u00f3 comen\u00e7a al setembre, amb el cultiu acurat de les carxofes a les granges familiars, seguit d&#8217;un reg i seguiment meticulosos fins a la floraci\u00f3 a la primavera.<\/p>\n<p data-sourcepos=\"9:1-9:565\">Aquest producte destaca per la seva <strong>cadena de subministrament molt curta<\/strong>: un processament exclusivament a m\u00e0 de la \u00abmat\u00e8ria primera\u00bb i un envasament que es realitza tan sols 8 hores despr\u00e9s de la collita. Aquesta cura extrema permet assaborir el gust inconfusible de les carxofes fresques, condimentades segons una antiga recepta d&#8217;Apulia. Amb els seus colors vius, la seva polpa carnosa i una aroma fragant, s\u00f3n ideals per amanir amanides, com a complement en entrepans o com a acompanyament de plats, aportant un toc aut\u00e8nticament mediterrani a la teva cuina.<\/p>\n<h3 data-sourcepos=\"11:1-11:74\">Per qu\u00e8 escollir les ALCACHOFA BRASA ACEITE BIO ORGANICA ITALIA 190 G?<\/h3>\n<ul data-sourcepos=\"13:1-18:0\">\n<li data-sourcepos=\"13:1-13:109\"><strong>Excel\u00b7l\u00e8ncia Gastron\u00f2mica<\/strong>: Representen una tradici\u00f3 culin\u00e0ria d&#8217;Apulia, amb un sabor i aroma aut\u00e8ntics.<\/li>\n<li data-sourcepos=\"14:1-14:154\"><strong>Cadena de Subministrament Curta<\/strong>: Cultiu i processament a les granges familiars, amb envasament r\u00e0pid despr\u00e9s de la collita per preservar la frescor.<\/li>\n<li data-sourcepos=\"15:1-15:100\"><strong>Elaboraci\u00f3 Artesanal<\/strong>: Processament exclusivament a m\u00e0 que garanteix la m\u00e0xima qualitat i cura.<\/li>\n<li data-sourcepos=\"16:1-16:110\"><strong>Sabor Inconfusible<\/strong>: Carxofes fresques a la brasa, condimentades segons una recepta tradicional d&#8217;Apulia.<\/li>\n<li data-sourcepos=\"17:1-18:0\"><strong>Versatilitat Culin\u00e0ria<\/strong>: Ideals com aperitiu, aperitiu, o com a condiment per a amanides, pizzes, bruschetta, primers o segons plats.<\/li>\n<\/ul>\n<h3 data-sourcepos=\"19:1-19:40\">Ingredients i informaci\u00f3 nutricional<\/h3>\n<p data-sourcepos=\"21:1-21:132\"><strong>Ingredients<\/strong>: Carxofes, Oli de llavors de gira-sol, Oli d&#8217;oliva verge extra, Sal, All, Vinagre de vi, Julivert, Alf\u00e0brega, Bitxo.<\/p>\n<p data-sourcepos=\"23:1-23:36\"><strong>Valor nutricional per 100 grams<\/strong>:<\/p>\n<ul data-sourcepos=\"24:1-30:0\">\n<li data-start=\"515\" data-end=\"557\">\n<p data-start=\"517\" data-end=\"557\"><strong data-start=\"517\" data-end=\"537\">Valor energ\u00e8tic:<\/strong> 431 kJ \/ 103 kcal<\/p>\n<\/li>\n<li data-start=\"558\" data-end=\"620\">\n<p data-start=\"560\" data-end=\"581\"><strong data-start=\"560\" data-end=\"572\">Greixos:<\/strong> 8,74 g<\/p>\n<ul data-start=\"584\" data-end=\"620\">\n<li data-start=\"584\" data-end=\"620\">\n<p data-start=\"586\" data-end=\"620\"><em data-start=\"586\" data-end=\"611\">de les quals saturades:<\/em> 0,95 g<\/p>\n<\/li>\n<\/ul>\n<\/li>\n<li data-start=\"621\" data-end=\"687\">\n<p data-start=\"623\" data-end=\"654\"><strong data-start=\"623\" data-end=\"646\">Hidrats de carboni:<\/strong> 1,1 g<\/p>\n<ul data-start=\"657\" data-end=\"687\">\n<li data-start=\"657\" data-end=\"687\">\n<p data-start=\"659\" data-end=\"687\"><em data-start=\"659\" data-end=\"679\">dels quals sucres:<\/em> 0,2 g<\/p>\n<\/li>\n<\/ul>\n<\/li>\n<li data-start=\"688\" data-end=\"720\">\n<p data-start=\"690\" data-end=\"720\"><strong data-start=\"690\" data-end=\"712\">Fibra aliment\u00e0ria:<\/strong> 6,2 g<\/p>\n<\/li>\n<li data-start=\"721\" data-end=\"746\">\n<p data-start=\"723\" data-end=\"746\"><strong data-start=\"723\" data-end=\"737\">Prote\u00efnes:<\/strong> 1,99 g<\/p>\n<\/li>\n<li data-start=\"747\" data-end=\"766\">\n<p data-start=\"749\" data-end=\"766\"><strong data-start=\"749\" data-end=\"757\">Sal:<\/strong> 1,67 g<\/p>\n<\/li>\n<\/ul>\n<h3 data-sourcepos=\"31:1-31:20\">Com consumir-les<\/h3>\n<p data-sourcepos=\"33:1-33:109\">Les ALCACHOFA BRASA ACEITE BIO ORGANICA ITALIA 190 G s\u00f3n molt vers\u00e0tils i s&#8217;adapten a m\u00faltiples preparacions:<\/p>\n<ul data-sourcepos=\"35:1-39:0\">\n<li data-sourcepos=\"35:1-35:97\"><strong>Aperitiu<\/strong>: Ideals per gaudir-les soles o com a part d&#8217;un assortiment de tapes mediterr\u00e0nies.<\/li>\n<li data-sourcepos=\"36:1-36:69\"><strong>Condiment<\/strong>: Perfectes per real\u00e7ar amanides, pizzes o bruschetta.<\/li>\n<li data-sourcepos=\"37:1-37:87\"><strong>Acompanyament<\/strong>: Un complement sabor\u00f3s per a primers o segons plats de carn o peix.<\/li>\n<li data-sourcepos=\"38:1-39:0\"><strong>Entrepans<\/strong>: Donen un toc gurmet a qualsevol entrep\u00e0.<\/li>\n<\/ul>\n<h3 data-sourcepos=\"40:1-40:29\">Presentaci\u00f3 i conservaci\u00f3<\/h3>\n<p data-sourcepos=\"42:1-42:231\">Env\u00e0s de 190 grams. Conservar a temperatura ambient i allunyat de fonts de calor abans d&#8217;obrir. Un cop obert, conservar refrigerat i consumir preferentment abans de 10 dies per mantenir-ne totes les propietats i el seu sabor \u00f2ptim.<\/p>\n<p data-sourcepos=\"44:1-44:176\">A Herbes del Portalet, t&#8217;oferim productes amb \u00e0nima i sabor. Amb les ALCACHOFA BRASA ACEITE BIO ORGANICA ITALIA 190 G, porta la tradici\u00f3 i la qualitat d&#8217;Apulia a la teva taula.<\/p>\n","protected":false},"excerpt":{"rendered":"<p><strong>Carxofes a la brasa BIO Organica Italia en oli.<\/strong> Elaborades a m\u00e0 amb carxofes fresques d&#8217;Apulia, amb cadena curta. Ideals com a aperitiu, per amanides, pizzes o acompanyament de plats. Aut\u00e8ntic sabor mediterrani.<\/p>\n","protected":false},"featured_media":7571,"comment_status":"open","ping_status":"closed","template":"","meta":{"_acf_changed":false},"product_brand":[267],"product_cat":[230],"product_tag":[],"class_list":{"0":"post-7103","1":"product","2":"type-product","3":"status-publish","4":"has-post-thumbnail","6":"product_brand-bioorganic","7":"product_cat-alimentacio","9":"first","10":"instock","11":"shipping-taxable","12":"purchasable","13":"product-type-simple"},"acf":[],"_links":{"self":[{"href":"https:\/\/herbesdelportalet.com\/es\/wp-json\/wp\/v2\/product\/7103","targetHints":{"allow":["GET"]}}],"collection":[{"href":"https:\/\/herbesdelportalet.com\/es\/wp-json\/wp\/v2\/product"}],"about":[{"href":"https:\/\/herbesdelportalet.com\/es\/wp-json\/wp\/v2\/types\/product"}],"replies":[{"embeddable":true,"href":"https:\/\/herbesdelportalet.com\/es\/wp-json\/wp\/v2\/comments?post=7103"}],"wp:featuredmedia":[{"embeddable":true,"href":"https:\/\/herbesdelportalet.com\/es\/wp-json\/wp\/v2\/media\/7571"}],"wp:attachment":[{"href":"https:\/\/herbesdelportalet.com\/es\/wp-json\/wp\/v2\/media?parent=7103"}],"wp:term":[{"taxonomy":"product_brand","embeddable":true,"href":"https:\/\/herbesdelportalet.com\/es\/wp-json\/wp\/v2\/product_brand?post=7103"},{"taxonomy":"product_cat","embeddable":true,"href":"https:\/\/herbesdelportalet.com\/es\/wp-json\/wp\/v2\/product_cat?post=7103"},{"taxonomy":"product_tag","embeddable":true,"href":"https:\/\/herbesdelportalet.com\/es\/wp-json\/wp\/v2\/product_tag?post=7103"}],"curies":[{"name":"wp","href":"https:\/\/api.w.org\/{rel}","templated":true}]}}