{"id":7108,"date":"2025-05-19T12:17:42","date_gmt":"2025-05-19T10:17:42","guid":{"rendered":"https:\/\/herbesdelportalet.com\/producto\/tomate-seco-aceite-bio-organica-italia-190-g\/"},"modified":"2025-10-22T15:09:22","modified_gmt":"2025-10-22T13:09:22","slug":"ttomaquet-sec-oli-bio-organic-italia-190-g","status":"publish","type":"product","link":"https:\/\/herbesdelportalet.com\/es\/producto\/ttomaquet-sec-oli-bio-organic-italia-190-g\/","title":{"rendered":"Tom\u00e0quet Sec Oli Bio Org\u00e0nic It\u00e0lia 190 g"},"content":{"rendered":"<h2 data-sourcepos=\"5:1-5:90\">Tom\u00e0quet Sec Oli Bio Org\u00e0nic It\u00e0lia 190 g: El Gust Aut\u00e8ntic del Mediterrani en Cada Mos<\/h2>\n<p data-sourcepos=\"7:1-7:496\">A Herbes del Portalet, celebrem els sabors genu\u00efns i la qualitat sense concessions. Els <strong>Tom\u00e0quets Secs en Oli Bio Org\u00e0nic It\u00e0lia 190 g<\/strong> s\u00f3n una aut\u00e8ntica joia culin\u00e0ria, elaborats amb tom\u00e0quets assecats al sol i immersos en un <strong>oli d&#8217;oliva biodin\u00e0mic 100% verge extra<\/strong> d&#8217;excepcional qualitat, produ\u00eft a la pr\u00f2pia alm\u00e0ssera familiar. Aquesta cadena de subministrament ultracurta garanteix un producte fresc, amb un sabor inigualable i una tra\u00e7abilitat total des del camp fins a la teva taula.<\/p>\n<p data-sourcepos=\"9:1-9:304\">Aquesta del\u00edcia mediterr\u00e0nia \u00e9s ideal per a aquells que busquen un toc d&#8217;intensitat i autenticitat a les seves preparacions. Els ingredients s\u00f3n acuradament seleccionats i el seu proc\u00e9s de conservaci\u00f3 en oli els atorga una textura suau i un sabor concentrat, perfectes per a una \u00e0mplia varietat de plats.<\/p>\n<h3 data-sourcepos=\"11:1-11:66\">Per qu\u00e8 escollir els Tom\u00e0quets Secs en Oli Bio Org\u00e0nic It\u00e0lia?<\/h3>\n<ul data-sourcepos=\"13:1-18:0\">\n<li data-sourcepos=\"13:1-13:183\"><strong>100% Ecol\u00f2gics i Biodin\u00e0mics<\/strong>: Elaborats amb ingredients procedents d&#8217;agricultura ecol\u00f2gica i amb oli d&#8217;oliva verge extra biodin\u00e0mic, respectuosos amb el medi ambient i la salut.<\/li>\n<li data-sourcepos=\"14:1-14:148\"><strong>Sabor Intens i Mediterrani<\/strong>: El tom\u00e0quet assecat al sol concentra el seu sabor, real\u00e7at per una delicada combinaci\u00f3 d&#8217;herbes arom\u00e0tiques i all.<\/li>\n<li data-sourcepos=\"15:1-15:135\"><strong>Oli d&#8217;Oliva Verge Extra de Qualitat<\/strong>: L&#8217;\u00fas d&#8217;oli d&#8217;oliva biodin\u00e0mic de producci\u00f3 familiar assegura una puresa i un gust superiors.<\/li>\n<li data-sourcepos=\"16:1-16:137\"><strong>Cadena de Subministrament Curta<\/strong>: Garanteix la frescor i la qualitat del producte, recolzant pr\u00e0ctiques sostenibles i de proximitat.<\/li>\n<li data-sourcepos=\"17:1-18:0\"><strong>Versatilitat Culin\u00e0ria<\/strong>: Perfectes com a aperitiu, acompanyament o ingredient en nombroses receptes.<\/li>\n<\/ul>\n<h3 data-sourcepos=\"19:1-19:40\">Ingredients i informaci\u00f3 nutricional<\/h3>\n<p data-sourcepos=\"21:1-21:148\"><strong>Ingredients<\/strong>: Tom\u00e0quets secs, Oli de llavors de gira-sol, Oli d&#8217;oliva verge extra, T\u00e0peres, Vinagre de vi, Sal, All, Orenga, Julivert, Alf\u00e0brega.<\/p>\n<p data-sourcepos=\"23:1-23:34\"><strong>Valors nutricionals per 100 g<\/strong>:<\/p>\n<ul data-sourcepos=\"24:1-30:0\">\n<li data-start=\"356\" data-end=\"428\">\n<p data-start=\"358\" data-end=\"428\">Energ\u00eda: <strong data-start=\"367\" data-end=\"388\">572 kJ \/ 139 kcal<\/strong><\/p>\n<\/li>\n<li data-start=\"429\" data-end=\"528\">\n<p data-start=\"431\" data-end=\"528\">Grasas: <strong data-start=\"439\" data-end=\"450\">12,72 g<\/strong> (de las cuales saturadas: <strong data-start=\"477\" data-end=\"487\">1,40 g<\/strong>)<\/p>\n<\/li>\n<li data-start=\"529\" data-end=\"639\">\n<p data-start=\"531\" data-end=\"639\">Hidratos de carbono: <strong data-start=\"552\" data-end=\"562\">1,50 g<\/strong> (de los cuales az\u00facares: <strong data-start=\"588\" data-end=\"598\">1,43 g<\/strong>)<\/p>\n<\/li>\n<li data-start=\"640\" data-end=\"711\">\n<p data-start=\"642\" data-end=\"711\">Fibra alimentaria: <strong data-start=\"661\" data-end=\"671\">7,85 g<\/strong><\/p>\n<\/li>\n<li data-start=\"712\" data-end=\"775\">\n<p data-start=\"714\" data-end=\"775\">Prote\u00ednas: <strong data-start=\"725\" data-end=\"735\">1,15 g<\/strong><\/p>\n<\/li>\n<li data-start=\"776\" data-end=\"833\">\n<p data-start=\"778\" data-end=\"833\">Sal: <strong data-start=\"783\" data-end=\"793\">2,54 g<\/strong><\/p>\n<\/li>\n<\/ul>\n<h3 data-sourcepos=\"31:1-31:20\">Com consumir-los<\/h3>\n<p data-sourcepos=\"33:1-33:99\">Els Tom\u00e0quets Secs en Oli Bio Org\u00e0nic It\u00e0lia s\u00f3n un ingredient vers\u00e0til que elevar\u00e0 els teus plats:<\/p>\n<ul data-sourcepos=\"35:1-39:0\">\n<li data-sourcepos=\"35:1-35:59\"><strong>Aperitiu<\/strong>: Sol o acompanyat de formatges, olives o pa.<\/li>\n<li data-sourcepos=\"36:1-36:67\"><strong>Condiment<\/strong>: Ideals per a amanides, pizzes, bruschetta o pasta.<\/li>\n<li data-sourcepos=\"37:1-37:93\"><strong>Plats principals<\/strong>: Afegeix un toc gurmet a primers o segons plats a base de carn o peix.<\/li>\n<li data-sourcepos=\"38:1-39:0\"><strong>P\u00e2t\u00e9s i salses<\/strong>: Triturats poden formar la base de deliciosos pat\u00e9s o salses.<\/li>\n<\/ul>\n<h3 data-sourcepos=\"40:1-40:29\">Presentaci\u00f3 i conservaci\u00f3<\/h3>\n<p data-sourcepos=\"42:1-43:231\">Env\u00e0s de vidre de 190 g. <strong>Conservaci\u00f3<\/strong>: Emmagatzemar a temperatura ambient i allunyat de fonts de calor abans d&#8217;obrir. Un cop obert, conservar refrigerat i consumir preferentment abans de 10 dies per mantenir-ne totes les propietats i el seu sabor \u00f2ptim.<\/p>\n<p data-sourcepos=\"45:1-45:237\">A Herbes del Portalet, t&#8217;oferim els millors productes de la terra. Amb els Tom\u00e0quets Secs en Oli Bio Org\u00e0nic It\u00e0lia, podr\u00e0s gaudir del sabor aut\u00e8ntic i la qualitat que nom\u00e9s la producci\u00f3 ecol\u00f2gica i la passi\u00f3 pel bon menjar poden oferir.<\/p>\n","protected":false},"excerpt":{"rendered":"<p>Tom\u00e0quets secs italians BIO en oli d&#8217;oliva verge extra biodin\u00e0mic. Un sabor intens i aut\u00e8ntic amb cadena curta. Ideals com a aperitiu o condiment per a amanides, pizzes, pastes i m\u00e9s plats mediterranis.<\/p>\n","protected":false},"featured_media":7554,"comment_status":"open","ping_status":"closed","template":"","meta":{"_acf_changed":false},"product_brand":[267],"product_cat":[230],"product_tag":[],"class_list":{"0":"post-7108","1":"product","2":"type-product","3":"status-publish","4":"has-post-thumbnail","6":"product_brand-bioorganic","7":"product_cat-alimentacio","9":"first","10":"instock","11":"shipping-taxable","12":"purchasable","13":"product-type-simple"},"acf":[],"_links":{"self":[{"href":"https:\/\/herbesdelportalet.com\/es\/wp-json\/wp\/v2\/product\/7108","targetHints":{"allow":["GET"]}}],"collection":[{"href":"https:\/\/herbesdelportalet.com\/es\/wp-json\/wp\/v2\/product"}],"about":[{"href":"https:\/\/herbesdelportalet.com\/es\/wp-json\/wp\/v2\/types\/product"}],"replies":[{"embeddable":true,"href":"https:\/\/herbesdelportalet.com\/es\/wp-json\/wp\/v2\/comments?post=7108"}],"wp:featuredmedia":[{"embeddable":true,"href":"https:\/\/herbesdelportalet.com\/es\/wp-json\/wp\/v2\/media\/7554"}],"wp:attachment":[{"href":"https:\/\/herbesdelportalet.com\/es\/wp-json\/wp\/v2\/media?parent=7108"}],"wp:term":[{"taxonomy":"product_brand","embeddable":true,"href":"https:\/\/herbesdelportalet.com\/es\/wp-json\/wp\/v2\/product_brand?post=7108"},{"taxonomy":"product_cat","embeddable":true,"href":"https:\/\/herbesdelportalet.com\/es\/wp-json\/wp\/v2\/product_cat?post=7108"},{"taxonomy":"product_tag","embeddable":true,"href":"https:\/\/herbesdelportalet.com\/es\/wp-json\/wp\/v2\/product_tag?post=7108"}],"curies":[{"name":"wp","href":"https:\/\/api.w.org\/{rel}","templated":true}]}}