{"id":7111,"date":"2025-05-19T12:17:43","date_gmt":"2025-05-19T10:17:43","guid":{"rendered":"https:\/\/herbesdelportalet.com\/producto\/crema-blanca-coco-la-vida-vegan-270-g\/"},"modified":"2025-10-07T17:32:31","modified_gmt":"2025-10-07T15:32:31","slug":"crema-blanca-coco-la-vida-vegan-270-g","status":"publish","type":"product","link":"https:\/\/herbesdelportalet.com\/es\/producto\/crema-blanca-coco-la-vida-vegan-270-g\/","title":{"rendered":"Crema Blanca-Coco La Vida Vegan 270 g"},"content":{"rendered":"<h2 data-start=\"222\" data-end=\"322\"><strong data-start=\"222\" data-end=\"322\">Crema Blanca-Coco La Vida Vegan 270 g: Un Plaer Veg\u00e0, Natural i Cruixent per als Amants del Coco<\/strong><\/h2>\n<p data-start=\"324\" data-end=\"683\">A <strong>Herbes del Portalet<\/strong>, et portem una dol\u00e7or irresistible amb ingredients naturals i de cultiu ecol\u00f2gic. Descobreix la <strong data-start=\"442\" data-end=\"483\">Crema Blanca-Coco La Vida Vegan 270 g<\/strong>, una combinaci\u00f3 \u00fanica de textura cremosa amb un toc cruixent gr\u00e0cies als seus xips de coco. Totalment vegana i lliure d\u2019oli de palma, \u00e9s perfecta per untar, decorar o gaudir directament a cullerades.<\/p>\n<p data-start=\"685\" data-end=\"829\">Pensada per a persones amb un estil de vida conscient, \u00e9s una alternativa ideal per a qui busca sabor, sostenibilitat i plaer sense compromisos.<\/p>\n<h3 data-start=\"836\" data-end=\"893\"><strong data-start=\"840\" data-end=\"893\">Per qu\u00e8 triar la Crema Blanca-Coco La Vida Vegan?<\/strong><\/h3>\n<p data-start=\"895\" data-end=\"1010\">Cada ingredient ha estat seleccionat per oferir-te un producte sabor\u00f3s, saludable i respectu\u00f3s amb el medi ambient:<\/p>\n<ul data-start=\"1012\" data-end=\"1504\">\n<li data-start=\"1012\" data-end=\"1098\">\n<p data-start=\"1014\" data-end=\"1098\"><strong data-start=\"1014\" data-end=\"1041\">100% Vegana i Ecol\u00f2gica<\/strong>: Cap ingredient d\u2019origen animal i elaboraci\u00f3 sostenible.<\/p>\n<\/li>\n<li data-start=\"1100\" data-end=\"1186\">\n<p data-start=\"1102\" data-end=\"1186\"><strong data-start=\"1102\" data-end=\"1128\">Amb Xips de Coco (5%)<\/strong>: Aporta una textura \u00fanica i un sabor ex\u00f2tic inconfusible.<\/p>\n<\/li>\n<li data-start=\"1188\" data-end=\"1257\">\n<p data-start=\"1190\" data-end=\"1257\"><strong data-start=\"1190\" data-end=\"1212\">Sense Oli de Palma<\/strong>: Respectuosa amb el planeta i m\u00e9s saludable.<\/p>\n<\/li>\n<li data-start=\"1259\" data-end=\"1336\">\n<p data-start=\"1261\" data-end=\"1336\"><strong data-start=\"1261\" data-end=\"1282\">Dol\u00e7a Naturalment<\/strong>: Amb sucre de canya ecol\u00f2gic i xarop d\u2019arr\u00f2s en pols.<\/p>\n<\/li>\n<li data-start=\"1338\" data-end=\"1422\">\n<p data-start=\"1340\" data-end=\"1422\"><strong data-start=\"1340\" data-end=\"1375\">Textura Suau amb Tocs Cruixents<\/strong>: Ideal per a untar, farcir o afegir a postres.<\/p>\n<\/li>\n<li data-start=\"1424\" data-end=\"1504\">\n<p data-start=\"1426\" data-end=\"1504\"><strong data-start=\"1426\" data-end=\"1466\">Apta per a una Alimentaci\u00f3 Conscient<\/strong>: Sense lactosa, amb ingredients purs.<\/p>\n<\/li>\n<\/ul>\n<h3 data-start=\"1511\" data-end=\"1555\"><strong data-start=\"1515\" data-end=\"1555\">Ingredients i Informaci\u00f3 Nutricional<\/strong><\/h3>\n<p data-start=\"1557\" data-end=\"1790\"><strong data-start=\"1557\" data-end=\"1573\">Ingredients:<\/strong> Sucre de canya, oli de gira-sol, farina de coco, 5% xips de coco, 5% xarop d\u2019arr\u00f2s en pols, mantega de cacau, emulgent (lecitina de gira-sol), vainilla Bourbon en pols.<br data-start=\"1751\" data-end=\"1754\" \/>Procedents d\u2019agricultura ecol\u00f2gica.<\/p>\n<p data-start=\"1792\" data-end=\"1897\"><strong data-start=\"1792\" data-end=\"1807\">Al\u00b7l\u00e8rgens:<\/strong> Pot contenir traces de fruits secs amb closca, altrams, llet i derivats, soja i derivats.<\/p>\n<p data-start=\"1899\" data-end=\"1936\"><strong data-start=\"1899\" data-end=\"1936\">Informaci\u00f3 nutricional per 100 g:<\/strong><\/p>\n<ul data-start=\"1938\" data-end=\"2149\">\n<li data-start=\"1938\" data-end=\"1977\">\n<p data-start=\"1940\" data-end=\"1977\"><strong>Valor energ\u00e8tic:<\/strong> 2464 kJ \/ 593 kcal<\/p>\n<\/li>\n<li data-start=\"1978\" data-end=\"2028\">\n<p data-start=\"1980\" data-end=\"2028\"><strong>Greixos:<\/strong> 42 g<br data-start=\"1993\" data-end=\"1996\" \/>\u2003<strong>\u2003de les quals saturades:<\/strong> 11 g<\/p>\n<\/li>\n<li data-start=\"2029\" data-end=\"2085\">\n<p data-start=\"2031\" data-end=\"2085\"><strong>Hidrats de carboni:<\/strong>49 g<br data-start=\"2055\" data-end=\"2058\" \/><strong>\u2003\u2003dels quals sucres<\/strong>: 41 g<\/p>\n<\/li>\n<li data-start=\"2086\" data-end=\"2114\">\n<p data-start=\"2088\" data-end=\"2114\"><strong>Fibra aliment\u00e0ria:<\/strong> 4,7 g<\/p>\n<\/li>\n<li data-start=\"2115\" data-end=\"2135\">\n<p data-start=\"2117\" data-end=\"2135\"><strong>Prote\u00efnes:<\/strong> 2,3 g<\/p>\n<\/li>\n<li data-start=\"2136\" data-end=\"2149\">\n<p data-start=\"2138\" data-end=\"2149\"><strong>Sal:<\/strong> 0,02 g<\/p>\n<\/li>\n<\/ul>\n<h3 data-start=\"2156\" data-end=\"2180\"><strong data-start=\"2160\" data-end=\"2180\">Com consumir-la?<\/strong><\/h3>\n<ul data-start=\"2182\" data-end=\"2373\">\n<li data-start=\"2182\" data-end=\"2225\">\n<p data-start=\"2184\" data-end=\"2225\"><strong data-start=\"2184\" data-end=\"2223\">Untada en torrades, galetes o creps<\/strong><\/p>\n<\/li>\n<li data-start=\"2226\" data-end=\"2280\">\n<p data-start=\"2228\" data-end=\"2280\"><strong data-start=\"2228\" data-end=\"2278\">Com a farcit o cobertura de dol\u00e7os i pastissos<\/strong><\/p>\n<\/li>\n<li data-start=\"2281\" data-end=\"2326\">\n<p data-start=\"2283\" data-end=\"2326\"><strong data-start=\"2283\" data-end=\"2324\">Afegida a batuts, postres o esmorzars<\/strong><\/p>\n<\/li>\n<li data-start=\"2327\" data-end=\"2373\">\n<p data-start=\"2329\" data-end=\"2373\"><strong data-start=\"2329\" data-end=\"2373\">Sola, per gaudir d\u2019un moment dol\u00e7 i veg\u00e0<\/strong><\/p>\n<\/li>\n<\/ul>\n<h3 data-start=\"2380\" data-end=\"2413\"><strong data-start=\"2384\" data-end=\"2413\">Presentaci\u00f3 i conservaci\u00f3<\/strong><\/h3>\n<p data-start=\"2415\" data-end=\"2583\">Pot de vidre de 270 g. Conservar en un lloc fresc i sec. Un cop obert, mantingues-lo ben tancat i consumeix-lo en poques setmanes per mantenir-ne el sabor i la textura.<\/p>\n<p data-start=\"2585\" data-end=\"2759\">A <strong>Herbes del Portalet<\/strong>, t\u2019oferim aliments que combinen plaer, salut i comprom\u00eds. La Crema Blanca-Coco La Vida Vegan \u00e9s la teva nova aliada per a postres veganes irresistibles.<\/p>\n","protected":false},"excerpt":{"rendered":"<p><strong>Crema Blanca-Coco La Vida Vegan 270 g:<\/strong> crema vegana i ecol\u00f2gica amb xips de coco i vainilla Bourbon. Textura cremosa amb toc cruixent. Sense oli de palma, ideal per untar, postres o gaudir directament.<\/p>\n","protected":false},"featured_media":7499,"comment_status":"open","ping_status":"closed","template":"","meta":{"_acf_changed":false},"product_brand":[271],"product_cat":[230],"product_tag":[],"class_list":{"0":"post-7111","1":"product","2":"type-product","3":"status-publish","4":"has-post-thumbnail","6":"product_brand-la-vida-ve","7":"product_cat-alimentacio","9":"first","10":"instock","11":"shipping-taxable","12":"purchasable","13":"product-type-simple"},"acf":[],"_links":{"self":[{"href":"https:\/\/herbesdelportalet.com\/es\/wp-json\/wp\/v2\/product\/7111","targetHints":{"allow":["GET"]}}],"collection":[{"href":"https:\/\/herbesdelportalet.com\/es\/wp-json\/wp\/v2\/product"}],"about":[{"href":"https:\/\/herbesdelportalet.com\/es\/wp-json\/wp\/v2\/types\/product"}],"replies":[{"embeddable":true,"href":"https:\/\/herbesdelportalet.com\/es\/wp-json\/wp\/v2\/comments?post=7111"}],"wp:featuredmedia":[{"embeddable":true,"href":"https:\/\/herbesdelportalet.com\/es\/wp-json\/wp\/v2\/media\/7499"}],"wp:attachment":[{"href":"https:\/\/herbesdelportalet.com\/es\/wp-json\/wp\/v2\/media?parent=7111"}],"wp:term":[{"taxonomy":"product_brand","embeddable":true,"href":"https:\/\/herbesdelportalet.com\/es\/wp-json\/wp\/v2\/product_brand?post=7111"},{"taxonomy":"product_cat","embeddable":true,"href":"https:\/\/herbesdelportalet.com\/es\/wp-json\/wp\/v2\/product_cat?post=7111"},{"taxonomy":"product_tag","embeddable":true,"href":"https:\/\/herbesdelportalet.com\/es\/wp-json\/wp\/v2\/product_tag?post=7111"}],"curies":[{"name":"wp","href":"https:\/\/api.w.org\/{rel}","templated":true}]}}