{"id":7162,"date":"2025-05-19T12:17:56","date_gmt":"2025-05-19T10:17:56","guid":{"rendered":"https:\/\/herbesdelportalet.com\/producto\/galleta-choco-cacao-trigo-espelta-bisson-300-g\/"},"modified":"2025-07-02T13:26:59","modified_gmt":"2025-07-02T11:26:59","slug":"galetes-xoco-cacau-blat-espelta-bisson-300-g","status":"publish","type":"product","link":"https:\/\/herbesdelportalet.com\/es\/producto\/galetes-xoco-cacau-blat-espelta-bisson-300-g\/","title":{"rendered":"Galetes Xoco Cacau Blat Espelta Bisson 300 g"},"content":{"rendered":"<h2 data-start=\"130\" data-end=\"184\"><strong data-start=\"134\" data-end=\"182\">Galetes Xoco Cacau Blat Espelta Bisson (300 g): <\/strong><strong data-start=\"185\" data-end=\"264\">El plaer ecol\u00f2gic i de comer\u00e7 just amb tot el sabor de l&#8217;espelta i el cacau<\/strong><\/h2>\n<p data-start=\"266\" data-end=\"686\">A <strong>Herbes del Portalet<\/strong>, creiem que el plaer no ha d\u2019estar renyit amb la consci\u00e8ncia. Per aix\u00f2 t\u2019oferim les <strong data-start=\"372\" data-end=\"420\">Galetes Xoco Cacau Blat Espelta Bisson 300 g<\/strong>, una deliciosa combinaci\u00f3 de sabor i valors. Elaborades amb farina d\u2019espelta de cultiu ecol\u00f2gic i enriquides amb cacau de comer\u00e7 just, aquestes galetes s\u00f3n l\u2019opci\u00f3 perfecta per als teus moments de pausa, amb el valor afegit d\u2019una producci\u00f3 responsable i sostenible.<\/p>\n<h3 data-start=\"693\" data-end=\"761\"><strong data-start=\"697\" data-end=\"761\">Per qu\u00e8 escollir les Galetes Xoco Cacau Blat Espelta Bisson?<\/strong><\/h3>\n<ul data-start=\"763\" data-end=\"1549\">\n<li data-start=\"763\" data-end=\"957\">\n<p data-start=\"765\" data-end=\"957\"><strong data-start=\"765\" data-end=\"805\">Amb farina d&#8217;espelta ecol\u00f2gica (50%)<\/strong><br data-start=\"805\" data-end=\"808\" \/>L\u2019espelta \u00e9s un cereal ancestral amb un sabor suau i nutritiu, procedent de cultius ecol\u00f2gics que garanteixen qualitat i respecte pel medi ambient.<\/p>\n<\/li>\n<li data-start=\"959\" data-end=\"1104\">\n<p data-start=\"961\" data-end=\"1104\"><strong data-start=\"961\" data-end=\"989\">Toc subtil de cacau (3%)<\/strong><br data-start=\"989\" data-end=\"992\" \/>El seu punt de cacau afegeix un sabor reconfortant i delicat que far\u00e0 les del\u00edcies dels amants de la xocolata.<\/p>\n<\/li>\n<li data-start=\"1106\" data-end=\"1301\">\n<p data-start=\"1108\" data-end=\"1301\"><strong data-start=\"1108\" data-end=\"1148\">Producci\u00f3 ecol\u00f2gica i de comer\u00e7 just<\/strong><br data-start=\"1148\" data-end=\"1151\" \/>Elaborades seguint criteris de sostenibilitat i responsabilitat social, aquestes galetes promouen condicions de treball dignes i un consum m\u00e9s \u00e8tic.<\/p>\n<\/li>\n<li data-start=\"1303\" data-end=\"1427\">\n<p data-start=\"1305\" data-end=\"1427\"><strong data-start=\"1305\" data-end=\"1330\">Cruixents i saboroses<\/strong><br data-start=\"1330\" data-end=\"1333\" \/>La seva textura cruixent les fa ideals per menjar soles o acompanyades d\u2019una beguda calenta.<\/p>\n<\/li>\n<li data-start=\"1429\" data-end=\"1549\">\n<p data-start=\"1431\" data-end=\"1549\"><strong data-start=\"1431\" data-end=\"1457\">Font d\u2019energia natural<\/strong><br data-start=\"1457\" data-end=\"1460\" \/>Perfectes per esmorzars o berenars, t\u2019aporten l\u2019energia necess\u00e0ria per afrontar el dia.<\/p>\n<\/li>\n<\/ul>\n<h3 data-start=\"1556\" data-end=\"1577\"><strong data-start=\"1560\" data-end=\"1575\">Ingredients<\/strong><\/h3>\n<p data-start=\"1578\" data-end=\"1860\">Farina de blat espelta (50%) (Triticum spelta), sucre de canya integral, oli de palma, cacau (3%), mid\u00f3 de blat de moro, gasificant (bicarbonat de sodi), sal marina, vainilla Bourbon.<br data-start=\"1761\" data-end=\"1764\" \/><strong data-start=\"1764\" data-end=\"1860\">Tots els ingredients s\u00f3n d\u2019agricultura ecol\u00f2gica. El cacau i la vainilla s\u00f3n de comer\u00e7 just.<\/strong><\/p>\n<h3 data-start=\"1867\" data-end=\"1887\"><strong data-start=\"1871\" data-end=\"1885\">Al\u00b7l\u00e8rgens<\/strong><\/h3>\n<p data-start=\"1888\" data-end=\"1996\">Cont\u00e9 gluten.<br data-start=\"1901\" data-end=\"1904\" \/>Pot contenir traces de fruits secs amb closca, ou i derivats, llet i derivats, s\u00e8sam i soja.<\/p>\n<h3 data-start=\"2003\" data-end=\"2047\"><strong data-start=\"2007\" data-end=\"2045\">Informaci\u00f3 nutricional (per 100 g)<\/strong><\/h3>\n<ul data-start=\"2048\" data-end=\"2209\">\n<li data-start=\"2048\" data-end=\"2087\">\n<p data-start=\"2050\" data-end=\"2087\"><strong>Valor energ\u00e8tic:<\/strong> 2053 kJ \/ 490 kcal<\/p>\n<\/li>\n<li data-start=\"2088\" data-end=\"2126\">\n<p data-start=\"2090\" data-end=\"2105\"><strong>Greixos:<\/strong> 22 g<\/p>\n<ul data-start=\"2108\" data-end=\"2126\">\n<li data-start=\"2108\" data-end=\"2126\">\n<p data-start=\"2110\" data-end=\"2126\"><strong>Saturats:<\/strong> 10 g<\/p>\n<\/li>\n<\/ul>\n<\/li>\n<li data-start=\"2127\" data-end=\"2174\">\n<p data-start=\"2129\" data-end=\"2155\"><strong>Hidrats de carboni:<\/strong> 64 g<\/p>\n<ul data-start=\"2158\" data-end=\"2174\">\n<li data-start=\"2158\" data-end=\"2174\">\n<p data-start=\"2160\" data-end=\"2174\"><strong>Sucres:<\/strong> 26 g<\/p>\n<\/li>\n<\/ul>\n<\/li>\n<li data-start=\"2175\" data-end=\"2195\">\n<p data-start=\"2177\" data-end=\"2195\"><strong>Prote\u00efnes:<\/strong> 6,9 g<\/p>\n<\/li>\n<li data-start=\"2196\" data-end=\"2209\">\n<p data-start=\"2198\" data-end=\"2209\"><strong>Sal:<\/strong> 0,02 g<\/p>\n<\/li>\n<\/ul>\n<h3 data-start=\"2216\" data-end=\"2254\"><strong data-start=\"2220\" data-end=\"2252\">Moments ideals per gaudir-ne<\/strong><\/h3>\n<ul data-start=\"2255\" data-end=\"2554\">\n<li data-start=\"2255\" data-end=\"2348\">\n<p data-start=\"2257\" data-end=\"2348\"><strong data-start=\"2257\" data-end=\"2283\">Esmorzars amb energia:<\/strong> amb una beguda vegetal o caf\u00e8 per comen\u00e7ar el dia amb bon peu.<\/p>\n<\/li>\n<li data-start=\"2349\" data-end=\"2408\">\n<p data-start=\"2351\" data-end=\"2408\"><strong data-start=\"2351\" data-end=\"2374\">Berenars nutritius:<\/strong> un caprici ideal a mitja tarda.<\/p>\n<\/li>\n<li data-start=\"2409\" data-end=\"2472\">\n<p data-start=\"2411\" data-end=\"2472\"><strong data-start=\"2411\" data-end=\"2445\">Snack saludable i responsable:<\/strong> porta-les all\u00e0 on vagis.<\/p>\n<\/li>\n<li data-start=\"2473\" data-end=\"2554\">\n<p data-start=\"2475\" data-end=\"2554\"><strong data-start=\"2475\" data-end=\"2493\">Per compartir:<\/strong> ideals per oferir als teus convidats un producte amb valors.<\/p>\n<\/li>\n<\/ul>\n<p data-start=\"2561\" data-end=\"2790\" data-is-last-node=\"\" data-is-only-node=\"\">A <strong>Herbes del Portalet <\/strong> t\u2019oferim les <strong>Galetes Xoco Cacau Blat Espelta Bisson 300 g<\/strong>, un producte que uneix sabor, sostenibilitat i comprom\u00eds social. Gaudeix de cada mosset sabent que contribueixes a un futur m\u00e9s just i saludable.<\/p>\n","protected":false},"excerpt":{"rendered":"<p>Animat a\u00a0 provar les <strong>Galetes Xoco Cacau Blat Espelta Bisson 300g<\/strong>, un plaer ecol\u00f2gic. Elaborades amb un 50% de farina d&#8217;espelta i un intens toc de cacau, aquestes galetes s\u00f3n cruixents, saboroses i perfectes per acompanyar el teu caf\u00e8 o per a un berenar nutritiu. Gaudeix d&#8217;un dol\u00e7 conscient a Herbes del Portalet!<\/p>\n","protected":false},"featured_media":7331,"comment_status":"open","ping_status":"closed","template":"","meta":{"_acf_changed":false},"product_brand":[276],"product_cat":[230],"product_tag":[],"class_list":{"0":"post-7162","1":"product","2":"type-product","3":"status-publish","4":"has-post-thumbnail","6":"product_brand-bisson","7":"product_cat-alimentacio","9":"first","10":"instock","11":"shipping-taxable","12":"purchasable","13":"product-type-simple"},"acf":[],"_links":{"self":[{"href":"https:\/\/herbesdelportalet.com\/es\/wp-json\/wp\/v2\/product\/7162","targetHints":{"allow":["GET"]}}],"collection":[{"href":"https:\/\/herbesdelportalet.com\/es\/wp-json\/wp\/v2\/product"}],"about":[{"href":"https:\/\/herbesdelportalet.com\/es\/wp-json\/wp\/v2\/types\/product"}],"replies":[{"embeddable":true,"href":"https:\/\/herbesdelportalet.com\/es\/wp-json\/wp\/v2\/comments?post=7162"}],"wp:featuredmedia":[{"embeddable":true,"href":"https:\/\/herbesdelportalet.com\/es\/wp-json\/wp\/v2\/media\/7331"}],"wp:attachment":[{"href":"https:\/\/herbesdelportalet.com\/es\/wp-json\/wp\/v2\/media?parent=7162"}],"wp:term":[{"taxonomy":"product_brand","embeddable":true,"href":"https:\/\/herbesdelportalet.com\/es\/wp-json\/wp\/v2\/product_brand?post=7162"},{"taxonomy":"product_cat","embeddable":true,"href":"https:\/\/herbesdelportalet.com\/es\/wp-json\/wp\/v2\/product_cat?post=7162"},{"taxonomy":"product_tag","embeddable":true,"href":"https:\/\/herbesdelportalet.com\/es\/wp-json\/wp\/v2\/product_tag?post=7162"}],"curies":[{"name":"wp","href":"https:\/\/api.w.org\/{rel}","templated":true}]}}