{"id":7166,"date":"2025-05-19T12:17:56","date_gmt":"2025-05-19T10:17:56","guid":{"rendered":"https:\/\/herbesdelportalet.com\/producto\/galleta-manzana-zanahoria-stellastello-sotto-300g\/"},"modified":"2025-07-02T13:28:22","modified_gmt":"2025-07-02T11:28:22","slug":"galetes-poma-pastanaga-stellastello-sotto-300g","status":"publish","type":"product","link":"https:\/\/herbesdelportalet.com\/es\/producto\/galetes-poma-pastanaga-stellastello-sotto-300g\/","title":{"rendered":"Galetes Poma Pastanaga Stella&#038;Stello Sotto 300G"},"content":{"rendered":"<h2 data-start=\"115\" data-end=\"224\"><strong data-start=\"119\" data-end=\"224\">Galetes Poma Pastanaga Stella&amp;Stello Sotto 300G: El Sabor de la Fruita i la Verdura en Cada Mossegada<\/strong><\/h2>\n<p data-start=\"226\" data-end=\"761\">A <strong data-start=\"228\" data-end=\"251\">Herbes del Portalet<\/strong>, sabem com \u00e9s d\u2019important oferir opcions saludables i saboroses per a tota la fam\u00edlia, especialment per als m\u00e9s petits. Per aix\u00f2 et presentem les <strong data-start=\"398\" data-end=\"449\">Galetes Poma Pastanaga Stella&amp;Stello Sotto 300G<\/strong>, una del\u00edcia ecol\u00f2gica que combina la dol\u00e7or natural de la poma amb els beneficis de la pastanaga. Elaborades amb ingredients de cultiu ecol\u00f2gic i amb un baix contingut en sucres, s\u00f3n el complement ideal per esmorzars i berenars equilibrats, aportant nutrients essencials i un sabor que agrada a grans i petits.<\/p>\n<h3 data-start=\"768\" data-end=\"834\"><strong data-start=\"772\" data-end=\"834\">Per qu\u00e8 escollir les Galetes Poma Pastanaga Stella&amp;Stello?<\/strong><\/h3>\n<p data-start=\"836\" data-end=\"961\">Aquestes galetes van molt m\u00e9s enll\u00e0 d\u2019un dol\u00e7 tradicional. S\u00f3n una elecci\u00f3 intel\u00b7ligent i natural gr\u00e0cies als seus beneficis:<\/p>\n<ul data-start=\"963\" data-end=\"1804\">\n<li data-start=\"963\" data-end=\"1099\">\n<p data-start=\"965\" data-end=\"1099\"><strong data-start=\"965\" data-end=\"989\">Amb fruita i verdura<\/strong>: Elaborades amb pur\u00e9 i suc de poma, i un toc de pastanaga, aporten sabor dol\u00e7 natural i nutrients essencials.<\/p>\n<\/li>\n<li data-start=\"1100\" data-end=\"1247\">\n<p data-start=\"1102\" data-end=\"1247\"><strong data-start=\"1102\" data-end=\"1130\">Baix contingut en sucres<\/strong>: Amb nom\u00e9s 9,3 g de sucres per 100 g, s\u00f3n ideals per controlar-ne el consum, especialment en l\u2019alimentaci\u00f3 infantil.<\/p>\n<\/li>\n<li data-start=\"1248\" data-end=\"1396\">\n<p data-start=\"1250\" data-end=\"1396\"><strong data-start=\"1250\" data-end=\"1284\">Qualitat ecol\u00f2gica certificada<\/strong>: Elaborades exclusivament amb ingredients de l\u2019agricultura ecol\u00f2gica, sense pesticides ni additius artificials.<\/p>\n<\/li>\n<li data-start=\"1397\" data-end=\"1562\">\n<p data-start=\"1399\" data-end=\"1562\"><strong data-start=\"1399\" data-end=\"1425\">Sabor suau i agradable<\/strong>: La combinaci\u00f3 de poma i pastanaga crea un gust delicat, ideal per a paladars sensibles i per introduir els sabors naturals als infants.<\/p>\n<\/li>\n<li data-start=\"1563\" data-end=\"1666\">\n<p data-start=\"1565\" data-end=\"1666\"><strong data-start=\"1565\" data-end=\"1585\">Textura cruixent<\/strong>: Perfectes per menjar soles, per sucar en llet o per combinar amb fruita fresca.<\/p>\n<\/li>\n<li data-start=\"1667\" data-end=\"1804\">\n<p data-start=\"1669\" data-end=\"1804\"><strong data-start=\"1669\" data-end=\"1691\">Sense oli de palma<\/strong>: Elaborades amb oli d\u2019oliva verge extra i oli de gira-sol alt oleic, una alternativa m\u00e9s saludable i sostenible.<\/p>\n<\/li>\n<\/ul>\n<h3 data-start=\"1811\" data-end=\"1855\"><strong data-start=\"1815\" data-end=\"1855\">Ingredients i informaci\u00f3 nutricional<\/strong><\/h3>\n<p data-start=\"1857\" data-end=\"2158\"><strong data-start=\"1857\" data-end=\"1873\">Ingredients:<\/strong><br data-start=\"1873\" data-end=\"1876\" \/>Farina de blat tou (51%), xarop d\u2019arr\u00f2s, oli d\u2019oliva verge extra (12%), farina d\u2019arr\u00f2s, pur\u00e9 de poma (4%), suc de poma (2,5%), pastanaga (1%), carbonats d\u2019amoni (gasificant), carbonats de sodi (gasificant), aroma natural de vainilla.<\/p>\n<p data-start=\"2160\" data-end=\"2316\"><strong data-start=\"2160\" data-end=\"2175\">Al\u00b7l\u00e8rgens:<\/strong> Cont\u00e9 gluten.<br data-start=\"2189\" data-end=\"2192\" \/><strong data-start=\"2192\" data-end=\"2219\">Pot contenir traces de:<\/strong> fruits secs amb closca, mostassa i derivats, s\u00e8sam i productes a base de s\u00e8sam, soja i derivats.<\/p>\n<p data-start=\"2318\" data-end=\"2355\"><strong data-start=\"2318\" data-end=\"2355\">Informaci\u00f3 nutricional per 100 g:<\/strong><\/p>\n<ul data-start=\"2357\" data-end=\"2574\">\n<li data-start=\"2357\" data-end=\"2396\">\n<p data-start=\"2359\" data-end=\"2396\"><strong>Valor energ\u00e8tic:<\/strong> 1848 kJ \/ 439 kcal<\/p>\n<\/li>\n<li data-start=\"2397\" data-end=\"2449\">\n<p data-start=\"2399\" data-end=\"2416\"><strong>Greixos:<\/strong> 11,5 g<\/p>\n<ul data-start=\"2419\" data-end=\"2449\">\n<li data-start=\"2419\" data-end=\"2449\">\n<p data-start=\"2421\" data-end=\"2449\"><strong>dels quals saturats:<\/strong> 1,7 g<\/p>\n<\/li>\n<\/ul>\n<\/li>\n<li data-start=\"2450\" data-end=\"2509\">\n<p data-start=\"2452\" data-end=\"2478\"><strong>Hidrats de carboni:<\/strong> 75 g<\/p>\n<ul data-start=\"2481\" data-end=\"2509\">\n<li data-start=\"2481\" data-end=\"2509\">\n<p data-start=\"2483\" data-end=\"2509\"><strong>dels quals sucres:<\/strong> 9,3 g<\/p>\n<\/li>\n<\/ul>\n<\/li>\n<li data-start=\"2510\" data-end=\"2538\">\n<p data-start=\"2512\" data-end=\"2538\"><strong>Fibra aliment\u00e0ria:<\/strong> 1,7 g<\/p>\n<\/li>\n<li data-start=\"2539\" data-end=\"2559\">\n<p data-start=\"2541\" data-end=\"2559\"><strong>Prote\u00efnes:<\/strong> 9,5 g<\/p>\n<\/li>\n<li data-start=\"2560\" data-end=\"2574\">\n<p data-start=\"2562\" data-end=\"2574\"><strong>Sal:<\/strong> 0,001 g<\/p>\n<\/li>\n<\/ul>\n<h3 data-start=\"2581\" data-end=\"2617\"><strong data-start=\"2585\" data-end=\"2617\">Moments ideals per gaudir-ne<\/strong><\/h3>\n<ul data-start=\"2619\" data-end=\"2993\">\n<li data-start=\"2619\" data-end=\"2715\">\n<p data-start=\"2621\" data-end=\"2715\"><strong data-start=\"2621\" data-end=\"2644\">Esmorzar equilibrat<\/strong>: Amb caf\u00e8, te o una beguda vegetal, comen\u00e7a el dia amb energia i gust.<\/p>\n<\/li>\n<li data-start=\"2716\" data-end=\"2784\">\n<p data-start=\"2718\" data-end=\"2784\"><strong data-start=\"2718\" data-end=\"2739\">Berenar saludable<\/strong>: Una opci\u00f3 lleugera i cruixent per la tarda.<\/p>\n<\/li>\n<li data-start=\"2785\" data-end=\"2864\">\n<p data-start=\"2787\" data-end=\"2864\"><strong data-start=\"2787\" data-end=\"2810\">Snack per a infants<\/strong>: Perfectes per la carmanyola o com a mos entre hores.<\/p>\n<\/li>\n<li data-start=\"2865\" data-end=\"2993\">\n<p data-start=\"2867\" data-end=\"2993\"><strong data-start=\"2867\" data-end=\"2895\">Per compartir en fam\u00edlia<\/strong>: Gaudeix-les sabent que has escollit una alternativa nutritiva i respectuosa amb el medi ambient.<\/p>\n<\/li>\n<\/ul>\n<p data-start=\"3000\" data-end=\"3248\">A <strong data-start=\"3002\" data-end=\"3025\">Herbes del Portalet<\/strong>, ens comprometem amb el teu benestar i el del planeta. Amb les <strong data-start=\"3089\" data-end=\"3140\">Galetes Poma Pastanaga Stella&amp;Stello Sotto 300G<\/strong>, tens una opci\u00f3 ecol\u00f2gica, saborosa i equilibrada per cuidar-te amb consci\u00e8ncia i sense renunciar al plaer.<\/p>\n","protected":false},"excerpt":{"rendered":"<p>Endolceix els berenars amb les <strong>Galetes Poma Pastanaga Stella&amp;Stello Sotto 300g<\/strong>. Elaborades amb farina de blat tou, pur\u00e9 i suc de poma, i un toc de pastanaga, s\u00f3n una opci\u00f3 ecol\u00f2gica deliciosa i nutritiva. Amb un sabor suau i un baix contingut en sucres, s\u00f3n ideals per als m\u00e9s petits i per a tota la fam\u00edlia.<\/p>\n","protected":false},"featured_media":7345,"comment_status":"open","ping_status":"closed","template":"","meta":{"_acf_changed":false},"product_brand":[274],"product_cat":[230],"product_tag":[],"class_list":{"0":"post-7166","1":"product","2":"type-product","3":"status-publish","4":"has-post-thumbnail","6":"product_brand-sottoleste","7":"product_cat-alimentacio","9":"first","10":"instock","11":"shipping-taxable","12":"purchasable","13":"product-type-simple"},"acf":[],"_links":{"self":[{"href":"https:\/\/herbesdelportalet.com\/es\/wp-json\/wp\/v2\/product\/7166","targetHints":{"allow":["GET"]}}],"collection":[{"href":"https:\/\/herbesdelportalet.com\/es\/wp-json\/wp\/v2\/product"}],"about":[{"href":"https:\/\/herbesdelportalet.com\/es\/wp-json\/wp\/v2\/types\/product"}],"replies":[{"embeddable":true,"href":"https:\/\/herbesdelportalet.com\/es\/wp-json\/wp\/v2\/comments?post=7166"}],"wp:featuredmedia":[{"embeddable":true,"href":"https:\/\/herbesdelportalet.com\/es\/wp-json\/wp\/v2\/media\/7345"}],"wp:attachment":[{"href":"https:\/\/herbesdelportalet.com\/es\/wp-json\/wp\/v2\/media?parent=7166"}],"wp:term":[{"taxonomy":"product_brand","embeddable":true,"href":"https:\/\/herbesdelportalet.com\/es\/wp-json\/wp\/v2\/product_brand?post=7166"},{"taxonomy":"product_cat","embeddable":true,"href":"https:\/\/herbesdelportalet.com\/es\/wp-json\/wp\/v2\/product_cat?post=7166"},{"taxonomy":"product_tag","embeddable":true,"href":"https:\/\/herbesdelportalet.com\/es\/wp-json\/wp\/v2\/product_tag?post=7166"}],"curies":[{"name":"wp","href":"https:\/\/api.w.org\/{rel}","templated":true}]}}