{"id":7167,"date":"2025-05-19T12:17:57","date_gmt":"2025-05-19T10:17:57","guid":{"rendered":"https:\/\/herbesdelportalet.com\/producto\/galleta-rellena-crema-avellanas-choco-sotto-200g\/"},"modified":"2025-07-02T13:26:21","modified_gmt":"2025-07-02T11:26:21","slug":"galetes-crema-avellanes-xocolata-200-g","status":"publish","type":"product","link":"https:\/\/herbesdelportalet.com\/es\/producto\/galetes-crema-avellanes-xocolata-200-g\/","title":{"rendered":"Galetes farcides de crema d\u2019avellanes i xocolata Sotto 200\u202fg"},"content":{"rendered":"<h2 data-start=\"119\" data-end=\"237\"><strong data-start=\"123\" data-end=\"237\">Galetes farcides de crema d\u2019avellanes i xocolata Sotto 200\u202fg: el plaer ecol\u00f2gic de la xocolata i les avellanes<\/strong><\/h2>\n<p data-start=\"239\" data-end=\"555\">A <strong>Herbes del Portalet<\/strong>, creiem que cada moment de plaer pot ser saludable i extraordinari. Per aix\u00f2 et presentem les <strong><em data-start=\"355\" data-end=\"417\">Galetes farcides de crema d\u2019avellanes i xocolata Sotto 200\u202fg<\/em><\/strong>: una del\u00edcia irresistible per als amants de la combinaci\u00f3 cl\u00e0ssica de xocolata i avellanes, elaborada amb ingredients de cultiu ecol\u00f2gic.<\/p>\n<p data-start=\"557\" data-end=\"699\">Aquestes galetes uneixen una base cruixent amb un farcit crem\u00f3s i sabor\u00f3s que transforma cada mos en una experi\u00e8ncia aut\u00e8ntica i reconfortant.<\/p>\n<div class=\"flex max-w-full flex-col grow\">\n<div class=\"min-h-8 text-message relative flex w-full flex-col items-end gap-2 text-start break-words whitespace-normal [.text-message+&amp;]:mt-5\" dir=\"auto\" data-message-author-role=\"assistant\" data-message-id=\"2743e593-fb66-4a39-937c-2b1abdca8803\" data-message-model-slug=\"gpt-4o\">\n<div class=\"flex w-full flex-col gap-1 empty:hidden first:pt-[3px]\">\n<div class=\"markdown prose dark:prose-invert w-full break-words light\">\n<h3 data-start=\"706\" data-end=\"790\"><strong data-start=\"710\" data-end=\"790\">Per qu\u00e8 escollir les galetes farcides de crema d\u2019avellanes i xocolata Sotto?<\/strong><\/h3>\n<ul data-start=\"792\" data-end=\"1394\">\n<li data-start=\"792\" data-end=\"947\">\n<p data-start=\"794\" data-end=\"947\"><strong data-start=\"794\" data-end=\"828\">Farcit amb sabor inconfusible:<\/strong> La combinaci\u00f3 del cacau i les avellanes ofereix una textura suau i un gust intens que captiva des del primer moment.<\/p>\n<\/li>\n<li data-start=\"948\" data-end=\"1114\">\n<p data-start=\"950\" data-end=\"1114\"><strong data-start=\"950\" data-end=\"983\">Qualitat ecol\u00f2gica garantida:<\/strong> Elaborades amb ingredients provinents de l\u2019agricultura ecol\u00f2gica, s\u00f3n lliures de pesticides, additius artificials i transg\u00e8nics.<\/p>\n<\/li>\n<li data-start=\"1115\" data-end=\"1260\">\n<p data-start=\"1117\" data-end=\"1260\"><strong data-start=\"1117\" data-end=\"1142\">Harmonia de textures:<\/strong> L\u2019equilibri entre el cruixent de la galeta i la suavitat del farcit crea una experi\u00e8ncia agradable i satisfact\u00f2ria.<\/p>\n<\/li>\n<li data-start=\"1261\" data-end=\"1394\">\n<p data-start=\"1263\" data-end=\"1394\"><strong data-start=\"1263\" data-end=\"1285\">Per a cada moment:<\/strong> Perfectes per a un berenar especial, per acompanyar un caf\u00e8 o simplement per gaudir d\u2019un petit caprici dol\u00e7.<\/p>\n<\/li>\n<\/ul>\n<h3 data-start=\"1401\" data-end=\"1420\"><strong data-start=\"1405\" data-end=\"1420\">Ingredients i Informaci\u00f3 nutricional<\/strong><\/h3>\n<p data-start=\"1422\" data-end=\"1603\">Farina de blat, sucre de canya, oli vegetal, crema d\u2019avellanes i xocolata, cacau en pols, llevat, sal, emulgents i aromes naturals.<br data-start=\"1553\" data-end=\"1556\" \/><strong data-start=\"1556\" data-end=\"1603\">Tots els ingredients s\u00f3n d\u2019origen ecol\u00f2gic.<\/strong><\/p>\n<h3 data-start=\"1610\" data-end=\"1628\"><strong data-start=\"1614\" data-end=\"1628\">Al\u00b7l\u00e8rgens<\/strong><\/h3>\n<p data-start=\"1630\" data-end=\"1701\">Cont\u00e9 gluten (blat) i avellanes. Pot contenir traces d\u2019ou, llet i soja.<\/p>\n<h3 data-start=\"1708\" data-end=\"1748\"><strong data-start=\"1712\" data-end=\"1748\">Informaci\u00f3 nutricional per 100\u202fg<\/strong><\/h3>\n<ul>\n<li data-start=\"1750\" data-end=\"1933\"><strong>Valor energ\u00e8tic:<\/strong> 480 kcal<br data-start=\"1775\" data-end=\"1778\" \/><strong>Greixos totals: <\/strong>22\u202fg (dels quals saturats: 5\u202fg)<br data-start=\"1825\" data-end=\"1828\" \/><strong>Hidrats de carboni:<\/strong> 65\u202fg (dels quals sucres: 30\u202fg)<br data-start=\"1878\" data-end=\"1881\" \/><strong>Fibra aliment\u00e0ria: <\/strong>3\u202fg<br data-start=\"1903\" data-end=\"1906\" \/><strong>Prote\u00efnes: <\/strong>6\u202fg<br data-start=\"1920\" data-end=\"1923\" \/><strong>Sal: <\/strong>0,3\u202fg<\/li>\n<\/ul>\n<h3 data-start=\"1940\" data-end=\"1976\"><strong data-start=\"1944\" data-end=\"1976\">Moments ideals per gaudir-ne<\/strong><\/h3>\n<ul data-start=\"1978\" data-end=\"2256\">\n<li data-start=\"1978\" data-end=\"2039\">\n<p data-start=\"1980\" data-end=\"2039\"><strong data-start=\"1980\" data-end=\"1995\">Al berenar:<\/strong> Un plaer dol\u00e7 per a la pausa de la tarda.<\/p>\n<\/li>\n<li data-start=\"2040\" data-end=\"2111\">\n<p data-start=\"2042\" data-end=\"2111\"><strong data-start=\"2042\" data-end=\"2059\">Per esmorzar:<\/strong> Ideal per comen\u00e7ar el dia amb energia i bon gust.<\/p>\n<\/li>\n<li data-start=\"2112\" data-end=\"2183\">\n<p data-start=\"2114\" data-end=\"2183\"><strong data-start=\"2114\" data-end=\"2132\">Com a postres:<\/strong> Perfectes per acabar un \u00e0pat amb una nota dol\u00e7a.<\/p>\n<\/li>\n<li data-start=\"2184\" data-end=\"2256\">\n<p data-start=\"2186\" data-end=\"2256\"><strong data-start=\"2186\" data-end=\"2204\">Per compartir:<\/strong> Una opci\u00f3 deliciosa per sorprendre fam\u00edlia i amics.<\/p>\n<\/li>\n<\/ul>\n<p data-start=\"2263\" data-end=\"2504\" data-is-last-node=\"\" data-is-only-node=\"\">A <strong>Herbes del Portalet<\/strong>, apostem per una alimentaci\u00f3 m\u00e9s natural, conscient i saborosa. Les <em data-start=\"2353\" data-end=\"2415\">Galetes farcides de crema d\u2019avellanes i xocolata Sotto 200\u202fg<\/em> s\u00f3n la teva opci\u00f3 ideal per combinar benestar, sabor i qualitat ecol\u00f2gica en un sol mos.<\/p>\n<\/div>\n<\/div>\n<\/div>\n<\/div>\n<div class=\"flex justify-start\"><\/div>\n","protected":false},"excerpt":{"rendered":"<p>Animat a provar les <strong>Galetes Farcides de Crema Avellanes Xoco Sotto 200g<\/strong>, una aut\u00e8ntica temptaci\u00f3 ecol\u00f2gica. Aquestes galetes cruixents amaguen un gener\u00f3s farcit de crema de xocolata i avellanes que les fa irresistibles. Perfectes per a un berenar gurmet o un esmorzar especial, amb la qualitat i el sabor que t&#8217;ofereix Herbes del Portalet.<\/p>\n","protected":false},"featured_media":7329,"comment_status":"open","ping_status":"closed","template":"","meta":{"_acf_changed":false},"product_brand":[274],"product_cat":[230],"product_tag":[],"class_list":{"0":"post-7167","1":"product","2":"type-product","3":"status-publish","4":"has-post-thumbnail","6":"product_brand-sottoleste","7":"product_cat-alimentacio","9":"first","10":"instock","11":"shipping-taxable","12":"purchasable","13":"product-type-simple"},"acf":[],"_links":{"self":[{"href":"https:\/\/herbesdelportalet.com\/es\/wp-json\/wp\/v2\/product\/7167","targetHints":{"allow":["GET"]}}],"collection":[{"href":"https:\/\/herbesdelportalet.com\/es\/wp-json\/wp\/v2\/product"}],"about":[{"href":"https:\/\/herbesdelportalet.com\/es\/wp-json\/wp\/v2\/types\/product"}],"replies":[{"embeddable":true,"href":"https:\/\/herbesdelportalet.com\/es\/wp-json\/wp\/v2\/comments?post=7167"}],"wp:featuredmedia":[{"embeddable":true,"href":"https:\/\/herbesdelportalet.com\/es\/wp-json\/wp\/v2\/media\/7329"}],"wp:attachment":[{"href":"https:\/\/herbesdelportalet.com\/es\/wp-json\/wp\/v2\/media?parent=7167"}],"wp:term":[{"taxonomy":"product_brand","embeddable":true,"href":"https:\/\/herbesdelportalet.com\/es\/wp-json\/wp\/v2\/product_brand?post=7167"},{"taxonomy":"product_cat","embeddable":true,"href":"https:\/\/herbesdelportalet.com\/es\/wp-json\/wp\/v2\/product_cat?post=7167"},{"taxonomy":"product_tag","embeddable":true,"href":"https:\/\/herbesdelportalet.com\/es\/wp-json\/wp\/v2\/product_tag?post=7167"}],"curies":[{"name":"wp","href":"https:\/\/api.w.org\/{rel}","templated":true}]}}