{"id":7168,"date":"2025-05-19T12:17:59","date_gmt":"2025-05-19T10:17:59","guid":{"rendered":"https:\/\/herbesdelportalet.com\/producto\/galleta-rellena-crema-pistacho-sotto-200g\/"},"modified":"2025-07-02T13:24:17","modified_gmt":"2025-07-02T11:24:17","slug":"galetes-facides-crema-festuc-sotto-200g","status":"publish","type":"product","link":"https:\/\/herbesdelportalet.com\/es\/producto\/galetes-facides-crema-festuc-sotto-200g\/","title":{"rendered":"Galetes Facides de Crema de Festuc Sotto 200g"},"content":{"rendered":"<h2 data-start=\"134\" data-end=\"225\"><strong data-start=\"138\" data-end=\"225\">Galetes Facides de Crema de Festuc Sotto 200g: El plaer ecol\u00f2gic amb cor de festuc<\/strong><\/h2>\n<p data-start=\"227\" data-end=\"692\">A <strong>Herbes del Portalet<\/strong> creiem que gaudir d\u2019un moment dol\u00e7 pot ser una experi\u00e8ncia extraordin\u00e0ria i saludable. Per aix\u00f2 et presentem les <strong data-start=\"362\" data-end=\"412\">Galetes Farcides de Crema de Festuc Sotto 200G<\/strong>, una del\u00edcia per als amants dels sabors aut\u00e8ntics i dels productes ecol\u00f2gics. Elaborades amb ingredients provinents de l\u2019agricultura biol\u00f2gica, aquestes galetes combinen una base cruixent amb un farcit suau i arom\u00e0tic de festuc, creant una combinaci\u00f3 irresistible per al paladar.<\/p>\n<h3 data-start=\"699\" data-end=\"767\"><strong data-start=\"703\" data-end=\"767\">Per qu\u00e8 triar les Galetes Farcides de Crema de Festuc Sotto?<\/strong><\/h3>\n<p data-start=\"769\" data-end=\"814\">Aquestes galetes s\u00f3n molt m\u00e9s que un simple pica-pica:<\/p>\n<ul data-start=\"816\" data-end=\"1460\">\n<li data-start=\"816\" data-end=\"946\">\n<p data-start=\"818\" data-end=\"946\"><strong data-start=\"818\" data-end=\"846\">Aut\u00e8ntic gust de festuc:<\/strong> El seu farcit cont\u00e9 un 15% de pasta de festuc, oferint un sabor ric i genu\u00ed que enamora a cada mos.<\/p>\n<\/li>\n<li data-start=\"947\" data-end=\"1079\">\n<p data-start=\"949\" data-end=\"1079\"><strong data-start=\"949\" data-end=\"984\">Qualitat ecol\u00f2gica certificada:<\/strong> Tots els ingredients procedeixen de cultiu ecol\u00f2gic, sense pesticides ni additius artificials.<\/p>\n<\/li>\n<li data-start=\"1080\" data-end=\"1208\">\n<p data-start=\"1082\" data-end=\"1208\"><strong data-start=\"1082\" data-end=\"1103\">Textura perfecta:<\/strong> La galeta cruixent contrasta harmoniosament amb la cremositat del farcit, oferint una experi\u00e8ncia \u00fanica.<\/p>\n<\/li>\n<li data-start=\"1209\" data-end=\"1351\">\n<p data-start=\"1211\" data-end=\"1351\"><strong data-start=\"1211\" data-end=\"1234\">Sense oli de palma:<\/strong> Elaborades amb margarina vegetal a base d\u2019oli de gira-sol i mantega de karit\u00e9, una opci\u00f3 m\u00e9s saludable i sostenible.<\/p>\n<\/li>\n<li data-start=\"1352\" data-end=\"1460\">\n<p data-start=\"1354\" data-end=\"1460\"><strong data-start=\"1354\" data-end=\"1387\">Ideal per a qualsevol moment:<\/strong> Perfectes per a un berenar especial, acompanyar un caf\u00e8 o per compartir.<\/p>\n<\/li>\n<\/ul>\n<h3 data-start=\"1467\" data-end=\"1486\"><strong data-start=\"1471\" data-end=\"1486\">Ingredients provinents de l&#8217;agricultura ecol\u00f2gica<\/strong><\/h3>\n<ul data-start=\"1488\" data-end=\"1914\">\n<li data-start=\"1488\" data-end=\"1510\">\n<p data-start=\"1490\" data-end=\"1510\">Farina de blat tou<\/p>\n<\/li>\n<li data-start=\"1511\" data-end=\"1675\">\n<p data-start=\"1513\" data-end=\"1675\">Crema de festuc (sucre de canya, inulina, oli de gira-sol alt oleic, pasta de festuc 15%, emulgent: lecitines de gira-sol, aroma natural de vainilla, sal) \u2013 31%<\/p>\n<\/li>\n<li data-start=\"1676\" data-end=\"1767\">\n<p data-start=\"1678\" data-end=\"1767\">Margarina vegetal (oli de gira-sol, mantega de karit\u00e9, aigua, aroma natural de te verd)<\/p>\n<\/li>\n<li data-start=\"1768\" data-end=\"1786\">\n<p data-start=\"1770\" data-end=\"1786\">Sucre de canya<\/p>\n<\/li>\n<li data-start=\"1787\" data-end=\"1835\">\n<p data-start=\"1789\" data-end=\"1835\">Malta d\u2019arr\u00f2s (farina d\u2019arr\u00f2s, malta d\u2019ordi)<\/p>\n<\/li>\n<li data-start=\"1836\" data-end=\"1870\">\n<p data-start=\"1838\" data-end=\"1870\">Carbonats de sodi (gasificant)<\/p>\n<\/li>\n<li data-start=\"1871\" data-end=\"1906\">\n<p data-start=\"1873\" data-end=\"1906\">Emulgent: lecitines de gira-sol<\/p>\n<\/li>\n<li data-start=\"1907\" data-end=\"1914\">\n<p data-start=\"1909\" data-end=\"1914\">Sal<\/p>\n<\/li>\n<\/ul>\n<h3 data-start=\"1982\" data-end=\"2000\"><strong data-start=\"1986\" data-end=\"2000\">Al\u00b7l\u00e8rgens<\/strong><\/h3>\n<p data-start=\"2002\" data-end=\"2182\">Cont\u00e9: <strong data-start=\"2009\" data-end=\"2044\">Fruits secs amb closca (festuc)<\/strong> i <strong data-start=\"2047\" data-end=\"2057\">gluten<\/strong> (blat, ordi).<br data-start=\"2071\" data-end=\"2074\" \/>Pot contenir traces de: <strong data-start=\"2098\" data-end=\"2121\">mostassa i derivats<\/strong>, <strong data-start=\"2123\" data-end=\"2160\">s\u00e8sam i productes a base de s\u00e8sam<\/strong>, <strong data-start=\"2162\" data-end=\"2181\">soja i derivats<\/strong>.<\/p>\n<h3 data-start=\"2189\" data-end=\"2231\"><strong data-start=\"2193\" data-end=\"2231\">Informaci\u00f3 nutricional (per 100 g)<\/strong><\/h3>\n<ul data-start=\"2233\" data-end=\"2446\">\n<li data-start=\"2233\" data-end=\"2273\">\n<p data-start=\"2235\" data-end=\"2273\"><strong>Valor energ\u00e8tic:<\/strong> 2.335 kJ \/ 561 kcal<\/p>\n<\/li>\n<li data-start=\"2274\" data-end=\"2322\">\n<p data-start=\"2276\" data-end=\"2322\"><strong>Greixos:<\/strong> 36 g<br data-start=\"2289\" data-end=\"2292\" \/><strong>\u2003- dels quals saturats:<\/strong> 31 g<\/p>\n<\/li>\n<li data-start=\"2323\" data-end=\"2380\">\n<p data-start=\"2325\" data-end=\"2380\"><strong>Hidrats de carboni:<\/strong> 51 g<br data-start=\"2349\" data-end=\"2352\" \/><strong>\u2003- dels quals sucres:<\/strong> 39 g<\/p>\n<\/li>\n<li data-start=\"2381\" data-end=\"2409\">\n<p data-start=\"2383\" data-end=\"2409\"><strong>Fibra aliment\u00e0ria:<\/strong> 6,9 g<\/p>\n<\/li>\n<li data-start=\"2410\" data-end=\"2430\">\n<p data-start=\"2412\" data-end=\"2430\"><strong>Prote\u00efnes:<\/strong> 4,5 g<\/p>\n<\/li>\n<li data-start=\"2431\" data-end=\"2446\">\n<p data-start=\"2433\" data-end=\"2446\"><strong>Sal:<\/strong> &lt; 0,11 g<\/p>\n<\/li>\n<\/ul>\n<h3 data-start=\"2453\" data-end=\"2476\"><strong data-start=\"2457\" data-end=\"2476\">Quan gaudir-ne?<\/strong><\/h3>\n<ul data-start=\"2478\" data-end=\"2747\">\n<li data-start=\"2478\" data-end=\"2539\">\n<p data-start=\"2480\" data-end=\"2539\"><strong data-start=\"2480\" data-end=\"2504\">Berenars amb encant:<\/strong> El toc dol\u00e7 i cruixent perfecte.<\/p>\n<\/li>\n<li data-start=\"2540\" data-end=\"2608\">\n<p data-start=\"2542\" data-end=\"2608\"><strong data-start=\"2542\" data-end=\"2566\">Esmorzars especials:<\/strong> Energia i sabor per comen\u00e7ar b\u00e9 el dia.<\/p>\n<\/li>\n<li data-start=\"2609\" data-end=\"2686\">\n<p data-start=\"2611\" data-end=\"2686\"><strong data-start=\"2611\" data-end=\"2634\">Despr\u00e9s dels \u00e0pats:<\/strong> Una alternativa deliciosa al postre convencional.<\/p>\n<\/li>\n<li data-start=\"2687\" data-end=\"2747\">\n<p data-start=\"2689\" data-end=\"2747\"><strong data-start=\"2689\" data-end=\"2712\">Moments compartits:<\/strong> Ideals per sorprendre i compartir.<\/p>\n<\/li>\n<\/ul>\n<p data-start=\"2754\" data-end=\"2992\">A <strong>Herbes del Portalet<\/strong> ens comprometem amb el teu benestar i amb el planeta. Amb les <strong data-start=\"2838\" data-end=\"2888\">Galetes Farcides de Crema de Festuc Sotto 200G<\/strong>, tens a l\u2019abast una dol\u00e7or ecol\u00f2gica i exquisida, que cuida del teu cos i del medi ambient en cada mos.<\/p>\n","protected":false},"excerpt":{"rendered":"<p>Animat a provar les <strong>Galetes Farcides Crema Festuc Sotto 200g<\/strong>, una aut\u00e8ntica joia ecol\u00f2gica. Aquestes galetes cruixents amaguen una generosa crema de festuc que les fa irresistibles. Perfectes per a un berenar gurmet o un esmorzar especial, amb la qualitat i el sabor que t&#8217;ofereix Herbes del Portalet.<\/p>\n","protected":false},"featured_media":7301,"comment_status":"open","ping_status":"closed","template":"","meta":{"_acf_changed":false},"product_brand":[274],"product_cat":[230],"product_tag":[],"class_list":{"0":"post-7168","1":"product","2":"type-product","3":"status-publish","4":"has-post-thumbnail","6":"product_brand-sottoleste","7":"product_cat-alimentacio","9":"first","10":"instock","11":"shipping-taxable","12":"purchasable","13":"product-type-simple"},"acf":[],"_links":{"self":[{"href":"https:\/\/herbesdelportalet.com\/es\/wp-json\/wp\/v2\/product\/7168","targetHints":{"allow":["GET"]}}],"collection":[{"href":"https:\/\/herbesdelportalet.com\/es\/wp-json\/wp\/v2\/product"}],"about":[{"href":"https:\/\/herbesdelportalet.com\/es\/wp-json\/wp\/v2\/types\/product"}],"replies":[{"embeddable":true,"href":"https:\/\/herbesdelportalet.com\/es\/wp-json\/wp\/v2\/comments?post=7168"}],"wp:featuredmedia":[{"embeddable":true,"href":"https:\/\/herbesdelportalet.com\/es\/wp-json\/wp\/v2\/media\/7301"}],"wp:attachment":[{"href":"https:\/\/herbesdelportalet.com\/es\/wp-json\/wp\/v2\/media?parent=7168"}],"wp:term":[{"taxonomy":"product_brand","embeddable":true,"href":"https:\/\/herbesdelportalet.com\/es\/wp-json\/wp\/v2\/product_brand?post=7168"},{"taxonomy":"product_cat","embeddable":true,"href":"https:\/\/herbesdelportalet.com\/es\/wp-json\/wp\/v2\/product_cat?post=7168"},{"taxonomy":"product_tag","embeddable":true,"href":"https:\/\/herbesdelportalet.com\/es\/wp-json\/wp\/v2\/product_tag?post=7168"}],"curies":[{"name":"wp","href":"https:\/\/api.w.org\/{rel}","templated":true}]}}