{"id":7173,"date":"2025-05-19T12:18:00","date_gmt":"2025-05-19T10:18:00","guid":{"rendered":"https:\/\/herbesdelportalet.com\/producto\/barrita-nueces-canela-nutsberries-30g\/"},"modified":"2025-08-28T12:23:22","modified_gmt":"2025-08-28T10:23:22","slug":"barreta-nous-canyella-nutsberries-30-g","status":"publish","type":"product","link":"https:\/\/herbesdelportalet.com\/es\/producto\/barreta-nous-canyella-nutsberries-30-g\/","title":{"rendered":"Barreta Nous i Canyella Nuts&#038;Berries 30 g"},"content":{"rendered":"<h2 data-start=\"172\" data-end=\"223\"><strong data-start=\"176\" data-end=\"221\">Barreta Nous i Canyella Nuts&amp;Berries (30 g)<\/strong><\/h2>\n<p data-start=\"224\" data-end=\"285\"><strong data-start=\"224\" data-end=\"285\">L&#8217;energia natural i arom\u00e0tica per als teus moments actius<\/strong><\/p>\n<p data-start=\"287\" data-end=\"787\">A <strong data-start=\"289\" data-end=\"312\">Herbes del Portalet<\/strong>, sabem que necessites un impuls d\u2019energia que sigui tan delici\u00f3s com nutritiu. Per aix\u00f2, et presentem la <strong data-start=\"418\" data-end=\"463\">Barreta Nous i Canyella Nuts&amp;Berries 30 g<\/strong>, una combinaci\u00f3 exquisida de fruits secs i baies amb un c\u00e0lid i reconfortant toc de canyella. Elaborada amb ingredients procedents de cultiu ecol\u00f2gic, aquesta barreta \u00e9s perfecta per recarregar energies entre hores, abans de fer exercici o com a berenar saludable. T\u2019aporta fibra, prote\u00efnes i el gust aut\u00e8ntic de la natura.<\/p>\n<h3 data-start=\"794\" data-end=\"832\"><strong data-start=\"798\" data-end=\"832\">Per qu\u00e8 \u00e9s el teu snack ideal?<\/strong><\/h3>\n<p data-start=\"834\" data-end=\"945\">La Barreta Nous i Canyella Nuts&amp;Berries \u00e9s molt m\u00e9s que un snack: \u00e9s una font de vitalitat amb grans beneficis:<\/p>\n<ul>\n<li data-start=\"949\" data-end=\"1142\"><strong data-start=\"949\" data-end=\"978\">Explosi\u00f3 de sabor natural<\/strong>: Amb nous pecanes, nous del Brasil, ametlles, anacards i un toc de canyella, aconsegueix una combinaci\u00f3 intensa i equilibrada, ideal per als paladars m\u00e9s exigents.<\/li>\n<li data-start=\"1145\" data-end=\"1276\"><strong data-start=\"1145\" data-end=\"1169\">Pura energia vegetal<\/strong>: Rica en fruits secs i llavors, proporciona energia sostinguda per mantenir el teu ritme al llarg del dia.<\/li>\n<li data-start=\"1279\" data-end=\"1453\"><strong data-start=\"1279\" data-end=\"1308\">Rica en fibra i prote\u00efnes<\/strong>: Amb 6,9 g de fibra i 9,1 g de prote\u00efna per 100 g, ajuda a la sacietat, afavoreix la digesti\u00f3 i contribueix al manteniment de la massa muscular.<\/li>\n<li data-start=\"1456\" data-end=\"1575\"><strong data-start=\"1456\" data-end=\"1481\">Antioxidants naturals<\/strong>: Les baies de goji i els nabius aporten un extra d&#8217;antioxidants per refor\u00e7ar el teu benestar.<\/li>\n<li data-start=\"1578\" data-end=\"1719\"><strong data-start=\"1578\" data-end=\"1615\">Ingredients ecol\u00f2gics certificats<\/strong>: Sense pesticides ni additius qu\u00edmics, per gaudir d\u2019un snack net, pur i respectu\u00f3s amb el medi ambient.<\/li>\n<li data-start=\"1722\" data-end=\"1838\"><strong data-start=\"1722\" data-end=\"1740\">Format pr\u00e0ctic<\/strong>: Amb 30 g, \u00e9s ideal per emportar a qualsevol lloc: a la feina, al gimn\u00e0s, d\u2019excursi\u00f3 o de viatge.<\/li>\n<\/ul>\n<h3 data-start=\"1845\" data-end=\"1897\"><strong data-start=\"1849\" data-end=\"1897\">Ingredients (procedents de cultiu ecol\u00f2gic):<\/strong><\/h3>\n<ul>\n<li data-start=\"1901\" data-end=\"1921\">Nous pecanes (18%)<\/li>\n<li data-start=\"1924\" data-end=\"1942\">Xarop d\u2019atzavara<\/li>\n<li data-start=\"1945\" data-end=\"1968\">Nous del Brasil (12%)<\/li>\n<li data-start=\"1971\" data-end=\"1987\">Ametlles (12%)<\/li>\n<li data-start=\"1990\" data-end=\"2037\">Nabius (10%) [nabius, oli de gira-sol, sucre]<\/li>\n<li data-start=\"2040\" data-end=\"2055\">Xarop d\u2019arr\u00f2s<\/li>\n<li data-start=\"2058\" data-end=\"2073\">Anacards (6%)<\/li>\n<li data-start=\"2076\" data-end=\"2097\">Llavors de gira-sol<\/li>\n<li data-start=\"2100\" data-end=\"2120\">Baies de goji (4%)<\/li>\n<li data-start=\"2123\" data-end=\"2137\">Arr\u00f2s inflat<\/li>\n<li data-start=\"2140\" data-end=\"2150\">Canyella<\/li>\n<\/ul>\n<h3 data-start=\"2157\" data-end=\"2175\"><strong data-start=\"2161\" data-end=\"2175\">Al\u00b7l\u00e8rgens<\/strong><\/h3>\n<p data-start=\"2177\" data-end=\"2315\">Cont\u00e9 fruits secs amb pela (nous pecanes, nous del Brasil, ametlles, anacards). Pot contenir traces de gluten, s\u00e8sam i derivats del s\u00e8sam.<\/p>\n<h3 data-start=\"2322\" data-end=\"2358\"><strong data-start=\"2326\" data-end=\"2358\">Valor nutricional per 100 g:<\/strong><\/h3>\n<ul>\n<li data-start=\"2362\" data-end=\"2401\"><strong>Valor energ\u00e8tic:<\/strong> 1980 kJ \/ 473,5 kcal<\/li>\n<li data-start=\"2404\" data-end=\"2421\"><strong>Greixos:<\/strong> 33,4 g<\/li>\n<\/ul>\n<p><strong>&#8211; dels quals saturats:<\/strong> <em data-start=\"2447\" data-end=\"2515\">(no especificat; es recomana consultar l\u2019etiqueta si \u00e9s necessari)<\/em><\/p>\n<ul>\n<li data-start=\"2520\" data-end=\"2548\"><strong>Hidrats de carboni:<\/strong> 41,7 g<\/li>\n<\/ul>\n<p><strong>&#8211; dels quals sucres:<\/strong> 26,3 g<\/p>\n<ul>\n<li data-start=\"2583\" data-end=\"2609\"><strong>Fibra aliment\u00e0ria:<\/strong> 6,9 g<\/li>\n<li data-start=\"2612\" data-end=\"2630\"><strong>Prote\u00efnes:<\/strong> 9,1 g<\/li>\n<li data-start=\"2633\" data-end=\"2646\"><strong>Sal:<\/strong> 0,12 g<\/li>\n<\/ul>\n<h3 data-start=\"2653\" data-end=\"2709\"><strong data-start=\"2657\" data-end=\"2709\">Moments per gaudir de la Barreta Nous i Canyella<\/strong><\/h3>\n<ul data-start=\"2711\" data-end=\"3058\">\n<li data-start=\"2711\" data-end=\"2786\">\n<p data-start=\"2713\" data-end=\"2786\"><strong data-start=\"2713\" data-end=\"2746\">Abans o despr\u00e9s de fer esport<\/strong>: Energia natural per rendir al m\u00e0xim.<\/p>\n<\/li>\n<li data-start=\"2787\" data-end=\"2864\">\n<p data-start=\"2789\" data-end=\"2864\"><strong data-start=\"2789\" data-end=\"2815\">A la pausa de la tarda<\/strong>: Un berenar saludable, reconfortant i sabor\u00f3s.<\/p>\n<\/li>\n<li data-start=\"2865\" data-end=\"2969\">\n<p data-start=\"2867\" data-end=\"2969\"><strong data-start=\"2867\" data-end=\"2899\">A la feina o mentre estudies<\/strong>: Mant\u00e9n l\u2019atenci\u00f3 i l\u2019energia sense rec\u00f3rrer a opcions processades.<\/p>\n<\/li>\n<li data-start=\"2970\" data-end=\"3058\">\n<p data-start=\"2972\" data-end=\"3058\"><strong data-start=\"2972\" data-end=\"2997\">En viatges o sortides<\/strong>: Snack pr\u00e0ctic, nutritiu i f\u00e0cil de portar a qualsevol lloc.<\/p>\n<\/li>\n<\/ul>\n<p data-start=\"3065\" data-end=\"3332\">A <strong data-start=\"3067\" data-end=\"3090\">Herbes del Portalet<\/strong>, ens comprometem amb el teu benestar i amb la cura del planeta. Amb la <strong data-start=\"3162\" data-end=\"3207\">Barreta Nous i Canyella Nuts&amp;Berries 30 g<\/strong>, tens un snack ecol\u00f2gic, sabor\u00f3s i funcional que t&#8217;acompanyar\u00e0 de manera natural i deliciosa en els teus moments m\u00e9s actius.<\/p>\n","protected":false},"excerpt":{"rendered":"<p>Gaudeix de la <strong>Barreta Nous i Canyella Nuts&amp;Berries 30gr<\/strong>, un snack ecol\u00f2gic i irresistible. Plena de Gaudeix de la <strong>Barreta Nous i Canyella Nuts&amp;Berries 30gr<\/strong>, un snack ecol\u00f2gic i irresistible. Plena de nous pacana, nous del Brasil, ametlles i el c\u00e0lid toc de canyella, \u00e9s la teva opci\u00f3 perfecta per carregar energia de forma natural. Rica en <strong>fibra<\/strong> i <strong>prote\u00efna<\/strong>, \u00e9s ideal per a qualsevol moment del dia., nous del Brasil, ametlles i el c\u00e0lid toc de canyella, \u00e9s la teva opci\u00f3 perfecta per carregar energia de forma natural. Rica en <strong>fibra<\/strong> i <strong>prote\u00efna,<\/strong> \u00e9s ideal per a qualsevol moment del dia.<\/p>\n","protected":false},"featured_media":7292,"comment_status":"open","ping_status":"closed","template":"","meta":{"_acf_changed":false},"product_brand":[277],"product_cat":[230],"product_tag":[],"class_list":{"0":"post-7173","1":"product","2":"type-product","3":"status-publish","4":"has-post-thumbnail","6":"product_brand-nuts-berri","7":"product_cat-alimentacio","9":"first","10":"instock","11":"shipping-taxable","12":"purchasable","13":"product-type-simple"},"acf":[],"_links":{"self":[{"href":"https:\/\/herbesdelportalet.com\/es\/wp-json\/wp\/v2\/product\/7173","targetHints":{"allow":["GET"]}}],"collection":[{"href":"https:\/\/herbesdelportalet.com\/es\/wp-json\/wp\/v2\/product"}],"about":[{"href":"https:\/\/herbesdelportalet.com\/es\/wp-json\/wp\/v2\/types\/product"}],"replies":[{"embeddable":true,"href":"https:\/\/herbesdelportalet.com\/es\/wp-json\/wp\/v2\/comments?post=7173"}],"wp:featuredmedia":[{"embeddable":true,"href":"https:\/\/herbesdelportalet.com\/es\/wp-json\/wp\/v2\/media\/7292"}],"wp:attachment":[{"href":"https:\/\/herbesdelportalet.com\/es\/wp-json\/wp\/v2\/media?parent=7173"}],"wp:term":[{"taxonomy":"product_brand","embeddable":true,"href":"https:\/\/herbesdelportalet.com\/es\/wp-json\/wp\/v2\/product_brand?post=7173"},{"taxonomy":"product_cat","embeddable":true,"href":"https:\/\/herbesdelportalet.com\/es\/wp-json\/wp\/v2\/product_cat?post=7173"},{"taxonomy":"product_tag","embeddable":true,"href":"https:\/\/herbesdelportalet.com\/es\/wp-json\/wp\/v2\/product_tag?post=7173"}],"curies":[{"name":"wp","href":"https:\/\/api.w.org\/{rel}","templated":true}]}}