{"id":7189,"date":"2025-05-19T12:18:04","date_gmt":"2025-05-19T10:18:04","guid":{"rendered":"https:\/\/herbesdelportalet.com\/producto\/caldo-cubitos-pollo-biocop-6x11-g\/"},"modified":"2025-08-28T11:53:21","modified_gmt":"2025-08-28T09:53:21","slug":"brou-glacons-pollastre-biocop-6x11-g","status":"publish","type":"product","link":"https:\/\/herbesdelportalet.com\/es\/producto\/brou-glacons-pollastre-biocop-6x11-g\/","title":{"rendered":"Brou Gla\u00e7ons Pollastre Biocop (6&#215;11 g)"},"content":{"rendered":"<h2 data-sourcepos=\"11:1-11:82\">Brou Gla\u00e7ons Pollastre Biocop (6&#215;11 g): L&#8217;Ess\u00e8ncia del Sabor Natural i Ecol\u00f2gic<\/h2>\n<p data-sourcepos=\"13:1-13:409\">A <strong>Herbes del Portalet<\/strong>, sabem que la base d&#8217;un bon plat \u00e9s un bon brou. Per aix\u00f2, t&#8217;oferim el <strong>Brou Gla\u00e7ons Pollastre Biocop (6&#215;11 G)<\/strong>, l&#8217;aliat perfecte per donar un toc de sabor aut\u00e8ntic i natural a les teves receptes. Aquests gla\u00e7ons de brou, elaborats amb ingredients 100% ecol\u00f2gics, s\u00f3n la soluci\u00f3 ideal per real\u00e7ar el gust dels teus guisats, sopes, arrossos o verdures, de manera r\u00e0pida i saludable.<\/p>\n<h3 data-pm-slice=\"1 3 []\">Per Qu\u00e8 Triar el Brou Gla\u00e7ons Pollastre Biocop d&#8217;Herbes del Portalet?<\/h3>\n<p>La qualitat dels ingredients \u00e9s la nostra prioritat. Amb el <strong>Brou Gla\u00e7ons Pollastre Biocop<\/strong>, incorpores a la teva cuina un producte que destaca per:<\/p>\n<ul>\n<li><strong>Ingredients 100% Ecol\u00f2gics:<\/strong> Elaborat amb pollastre i verdures de cultiu ecol\u00f2gic certificat, garantint un producte pur i respectu\u00f3s amb el medi ambient.<\/li>\n<li><strong>Sabor Aut\u00e8ntic i Profund:<\/strong> El sabor natural del pollastre i les verdures es concentra en cada gla\u00e7\u00f3, oferint una base rica que millorar\u00e0 qualsevol elaboraci\u00f3 culin\u00e0ria.<\/li>\n<li><strong>F\u00e0cil i Pr\u00e0ctic d&#8217;utilitzar:<\/strong> Cada gla\u00e7\u00f3 d&#8217;11 g est\u00e0 predosificat, facilitant-ne l&#8217;\u00fas i l&#8217;emmagatzematge. Simplement, dissol-lo en aigua calenta o afegeix-lo directament a la teva preparaci\u00f3.<\/li>\n<\/ul>\n<h3>Ingredients Essencials per a un Brou de Qualitat<\/h3>\n<p>El secret del seu sabor resideix en la selecci\u00f3 acurada d&#8217;ingredients procedents de l&#8217;agricultura ecol\u00f2gica:<\/p>\n<ul>\n<li><span class=\"relative -mx-px my-[-0.2rem] rounded px-px py-[0.2rem] transition-colors duration-100 ease-in-out\">Sal marina<\/span><\/li>\n<li><span class=\"relative -mx-px my-[-0.2rem] rounded px-px py-[0.2rem] transition-colors duration-100 ease-in-out\">Mantega de karit\u00e9*<\/span><\/li>\n<li><span class=\"relative -mx-px my-[-0.2rem] rounded px-px py-[0.2rem] transition-colors duration-100 ease-in-out\">Mid\u00f3 de blat de moro*<\/span><\/li>\n<li><span class=\"relative -mx-px my-[-0.2rem] rounded px-px py-[0.2rem] transition-colors duration-100 ease-in-out\">Carn de pollastre deshidratada* (6,8%)<\/span><\/li>\n<li><span class=\"relative -mx-px my-[-0.2rem] rounded px-px py-[0.2rem] transition-colors duration-100 ease-in-out\">Sucre de canya integral*<\/span><\/li>\n<li><span class=\"relative -mx-px my-[-0.2rem] rounded px-px py-[0.2rem] transition-colors duration-100 ease-in-out\">Aroma natural de pollastre<\/span><\/li>\n<li><span class=\"relative -mx-px my-[-0.2rem] rounded px-px py-[0.2rem] transition-colors duration-100 ease-in-out\">Ceba torrada*<\/span><\/li>\n<li><span class=\"relative -mx-px my-[-0.2rem] rounded px-px py-[0.2rem] transition-colors duration-100 ease-in-out\">Greix de pollastre* (1%)<\/span><\/li>\n<li><span class=\"relative -mx-px my-[-0.2rem] rounded px-px py-[0.2rem] transition-colors duration-100 ease-in-out\">Extracte de llevat<\/span><\/li>\n<li><span class=\"relative -mx-px my-[-0.2rem] rounded px-px py-[0.2rem] transition-colors duration-100 ease-in-out\">Esp\u00e8cies* (c\u00farcuma*, roman\u00ed*)<\/span><\/li>\n<li>All*<\/li>\n<li><span class=\"relative -mx-px my-[-0.2rem] rounded px-px py-[0.2rem] transition-colors duration-100 ease-in-out\">Roman\u00ed*<\/span><\/li>\n<\/ul>\n<p><strong>Informaci\u00f3 nutricional per 100 g de caldo (1 gla\u00e7\u00f3 d&#8217;11 g en 500ml d&#8217;aigua):<\/strong><\/p>\n<ul>\n<li><strong>Valor energ\u00e8tic:<\/strong> 1219 kJ \/ 293 kcal<\/li>\n<li><strong>Grasses totals:<\/strong> 21,6 g<\/li>\n<li><strong>De les quals saturades:<\/strong> 10 g<\/li>\n<li><strong>Hidrats de carboni:<\/strong> 21,7 g<\/li>\n<li><strong>Dels quals sucres:<\/strong> 6 g<\/li>\n<li><strong>Prote\u00efnes: <\/strong>1,6 g<\/li>\n<li><strong>Sal:<\/strong> <span class=\"relative -mx-px my-[-0.2rem] rounded px-px py-[0.2rem] transition-colors duration-100 ease-in-out\">47,9 g<\/span><\/li>\n<\/ul>\n<h3>Versatilitat a la teva Cuina<\/h3>\n<p>El <strong>Brou Gla\u00e7ons Pollastre Biocop<\/strong> \u00e9s un imprescindible a la teva rebost per la seva gran versatilitat:<\/p>\n<ul>\n<li><strong>Bases per a Sopes i Cremes:<\/strong> La manera m\u00e9s r\u00e0pida i senzilla d&#8217;obtenir un brou casol\u00e0 sabor\u00f3s.<\/li>\n<li><strong>Potenciar Guisats i Estofats:<\/strong> Afegeix un gla\u00e7\u00f3 per intensificar el sabor de carns, llegums o verdures.<\/li>\n<li><strong>Cocci\u00f3 d&#8217;Arrossos i Pasta:<\/strong> Proporciona un gust extra i una aroma deliciosa als teus cereals.<\/li>\n<li><strong>Salses i Reduccions:<\/strong> La base perfecta per crear salses plenes de sabor.<\/li>\n<li><strong>Verdures al Vapor o Saltades:<\/strong> Un toc de brou mentre es cuinen real\u00e7a el seu gust natural.<\/li>\n<\/ul>\n<h3>Preparaci\u00f3 i Conservaci\u00f3<\/h3>\n<p>Per obtenir un brou \u00f2ptim, dissol un gla\u00e7\u00f3 (11 g) en 1\/2 litre d&#8217;aigua bbullent Tamb\u00e9 el pots afegir directament a les teves preparacions. Guarda l&#8217;env\u00e0s en un lloc fresc i sec per mantenir-ne totes les propietats.<\/p>\n<p>A <strong>Herbes del Portalet<\/strong>, ens comprometem a oferir-te productes que sumen qualitat, salut i respecte pel medi ambient. Amb el <strong>Brou Gla\u00e7ons Pollastre Biocop (6&#215;11 G)<\/strong>, tens la confian\u00e7a d&#8217;un producte ecol\u00f2gic que facilita la teva vida a la cuina sense renunciar al sabor m\u00e9s pur.<\/p>\n","protected":false},"excerpt":{"rendered":"<p>Dona vida a les teves receptes amb el <strong>Brou Gla\u00e7ons Pollastre Biocop (6&#215;11 G)<\/strong>. Aquests gla\u00e7ons ecol\u00f2gics, fets amb pollastre i verdures BIO, s\u00f3n la base perfecta per a sopes, arrossos i guisats. <strong>Sense gluten ni lactosa<\/strong>, gaudeix d&#8217;un sabor intens i natural a cada plat, de manera f\u00e0cil i saludable.<\/p>\n","protected":false},"featured_media":7236,"comment_status":"open","ping_status":"closed","template":"","meta":{"_acf_changed":false},"product_brand":[263],"product_cat":[230,213],"product_tag":[],"class_list":{"0":"post-7189","1":"product","2":"type-product","3":"status-publish","4":"has-post-thumbnail","6":"product_brand-biocop","7":"product_cat-alimentacio","8":"product_cat-productes-sense-gluten","10":"first","11":"instock","12":"shipping-taxable","13":"purchasable","14":"product-type-simple"},"acf":[],"_links":{"self":[{"href":"https:\/\/herbesdelportalet.com\/es\/wp-json\/wp\/v2\/product\/7189","targetHints":{"allow":["GET"]}}],"collection":[{"href":"https:\/\/herbesdelportalet.com\/es\/wp-json\/wp\/v2\/product"}],"about":[{"href":"https:\/\/herbesdelportalet.com\/es\/wp-json\/wp\/v2\/types\/product"}],"replies":[{"embeddable":true,"href":"https:\/\/herbesdelportalet.com\/es\/wp-json\/wp\/v2\/comments?post=7189"}],"wp:featuredmedia":[{"embeddable":true,"href":"https:\/\/herbesdelportalet.com\/es\/wp-json\/wp\/v2\/media\/7236"}],"wp:attachment":[{"href":"https:\/\/herbesdelportalet.com\/es\/wp-json\/wp\/v2\/media?parent=7189"}],"wp:term":[{"taxonomy":"product_brand","embeddable":true,"href":"https:\/\/herbesdelportalet.com\/es\/wp-json\/wp\/v2\/product_brand?post=7189"},{"taxonomy":"product_cat","embeddable":true,"href":"https:\/\/herbesdelportalet.com\/es\/wp-json\/wp\/v2\/product_cat?post=7189"},{"taxonomy":"product_tag","embeddable":true,"href":"https:\/\/herbesdelportalet.com\/es\/wp-json\/wp\/v2\/product_tag?post=7189"}],"curies":[{"name":"wp","href":"https:\/\/api.w.org\/{rel}","templated":true}]}}